{"id":20150,"date":"2019-01-03T04:58:44","date_gmt":"2019-01-03T04:58:44","guid":{"rendered":"https:\/\/tremblantskirentals.com\/?page_id=20150"},"modified":"2024-12-05T05:55:33","modified_gmt":"2024-12-05T10:55:33","slug":"home","status":"publish","type":"page","link":"https:\/\/belowzerorental.com\/fr\/","title":{"rendered":"Accueil"},"content":{"rendered":"<section class=\"wpb-content-wrapper\"><p>[vc_row el_class=\u00a0\u00bbpadding-slider padding-rangee-bas\u00a0\u00bb][vc_column][vc_column_text el_class=\u00a0\u00bbtitle-holder\u00a0\u00bb]<\/p>\n<h1><small>Location de ski, snowboard, motoneige et v\u00e9lo<\/small><br \/>\n<em>Mont-Tremblant<\/em><\/h1>\n<p>[\/vc_column_text][vc_empty_space height=\u00a0\u00bb20px\u00a0\u00bb][vc_row_inner][vc_column_inner width=\u00a0\u00bb1\/12&Prime;][\/vc_column_inner][vc_column_inner el_class=\u00a0\u00bbfull-width-col-ipad\u00a0\u00bb width=\u00a0\u00bb10\/12&Prime;][vc_column_text]<\/p>\n<p style=\"text-align: center;\">Depuis 1998, Below Zero Ski Rental est sp\u00e9cialis\u00e9 dans la location de ski, la location de planche \u00e0 neige et de motoneige \u00e0 Mont-Tremblant. Et pour toujours mieux vous servir, nous avons mis \u00e0 profit cette expertise afin de vous offrir un service de location de v\u00e9los disponible tout au long de l\u2019ann\u00e9e!<\/p>\n<p>[\/vc_column_text]<div class=\"eltdf-separator-holder clearfix  eltdf-separator-center \">\n\t<div class=\"eltdf-separator\" style=\"margin-top: 25px;margin-bottom: 25px\"><\/div>\n<\/div>\n[\/vc_column_inner][vc_column_inner width=\u00a0\u00bb1\/12&Prime;][\/vc_column_inner][\/vc_row_inner][vc_row_inner][vc_column_inner width=\u00a0\u00bb1\/2&Prime;]<div class=\"eltdf-single-image-holder    \">\n    <div class=\"eltdf-si-inner\" >\n                                    <img loading=\"lazy\" decoding=\"async\" width=\"800\" height=\"533\" src=\"https:\/\/belowzerorental.com\/wp-content\/uploads\/2023\/10\/hiver-location.jpg\" class=\"attachment-full size-full\" alt=\"\" srcset=\"https:\/\/belowzerorental.com\/wp-content\/uploads\/2023\/10\/hiver-location.jpg 800w, https:\/\/belowzerorental.com\/wp-content\/uploads\/2023\/10\/hiver-location-300x200.jpg 300w, https:\/\/belowzerorental.com\/wp-content\/uploads\/2023\/10\/hiver-location-768x512.jpg 768w, https:\/\/belowzerorental.com\/wp-content\/uploads\/2023\/10\/hiver-location-500x333.jpg 500w, https:\/\/belowzerorental.com\/wp-content\/uploads\/2023\/10\/hiver-location-700x466.jpg 700w\" sizes=\"auto, (max-width: 800px) 100vw, 800px\" \/>                        <\/div>\n<\/div>[\/vc_column_inner][vc_column_inner el_class=\u00a0\u00bbfull-width-col-ipad\u00a0\u00bb width=\u00a0\u00bb1\/2&Prime;][vc_column_text]<\/p>\n<h3>Pour vos vacances d&rsquo;hiver<\/h3>\n<p>Que ce soit pour le ski alpin, le snowboard, la randonn\u00e9e alpine, le ski de fond, la raquette, ou le patin, Below Zero Rental s\u2019engage \u00e0 vous livrer dans le confort de votre salon.<br \/>\nAfin de vous offrir une exp\u00e9rience des plus compl\u00e8te, la location de motoneige est \u00e9galement offerte.[\/vc_column_text]<div class=\"eltdf-separator-holder clearfix  eltdf-separator-center \">\n\t<div class=\"eltdf-separator\" style=\"margin-top: 25px;margin-bottom: 25px\"><\/div>\n<\/div>\n[vc_btn title=\u00a0\u00bbR\u00e9servez maintenant\u00a0\u00bb style=\u00a0\u00bbflat\u00a0\u00bb shape=\u00a0\u00bbround\u00a0\u00bb color=\u00a0\u00bbwarning\u00a0\u00bb align=\u00a0\u00bbleft\u00a0\u00bb el_class=\u00a0\u00bbbouton-premier\u00a0\u00bb link=\u00a0\u00bburl:https%3A%2F%2Fbelowzerorental.com%2Ffr%2Flocation-de-skis-et-planches-a-neige%2F|title:Location\u00a0\u00bb][\/vc_column_inner][\/vc_row_inner][\/vc_column][\/vc_row][vc_section][vc_row css=\u00a0\u00bb.vc_custom_1697018115383{background-color: #fef9f5 !important;}\u00a0\u00bb][vc_column][vc_row_inner][vc_column_inner width=\u00a0\u00bb1\/12&Prime;][\/vc_column_inner][vc_column_inner el_class=\u00a0\u00bbfull-width-col-ipad\u00a0\u00bb width=\u00a0\u00bb10\/12&Prime;]<div class=\"eltdf-separator-holder clearfix  eltdf-separator-center \">\n\t<div class=\"eltdf-separator\" style=\"margin-top: 25px;margin-bottom: 25px\"><\/div>\n<\/div>\n[vc_video link=\u00a0\u00bbhttps:\/\/www.youtube.com\/watch?v=9t1zjvLnnNI\u00a0\u00bb align=\u00a0\u00bbcenter\u00a0\u00bb]<div class=\"eltdf-separator-holder clearfix  eltdf-separator-center \">\n\t<div class=\"eltdf-separator\" style=\"margin-top: 25px;margin-bottom: 25px\"><\/div>\n<\/div>\n[\/vc_column_inner][vc_column_inner width=\u00a0\u00bb1\/12&Prime;][\/vc_column_inner][\/vc_row_inner][\/vc_column][\/vc_row][\/vc_section][vc_row full_width=\u00a0\u00bbstretch_row\u00a0\u00bb el_class=\u00a0\u00bbpadding-bande titre-bande\u00a0\u00bb css=\u00a0\u00bb.vc_custom_1683247766579{background-image: url(https:\/\/belowzerorental.com\/wp-content\/uploads\/2023\/05\/vacance-banner2.jpg?id=29878) !important;background-position: center !important;background-repeat: no-repeat !important;background-size: cover !important;}\u00a0\u00bb][vc_column width=\u00a0\u00bb1\/2&Prime;][\/vc_column][vc_column css_animation=\u00a0\u00bbfadeInRight\u00a0\u00bb width=\u00a0\u00bb1\/2&Prime;][vc_column_text]<\/p>\n<h2 style=\"text-align: left;\">Pour vos vacances d&rsquo;\u00e9t\u00e9<\/h2>\n<p>Afin de vous permettre de profiter pleinement de vos vacances d&rsquo;\u00e9t\u00e9 dans la r\u00e9gion, Below Zero Ski Rental met \u00e9galement \u00e0 votre disposition la location de v\u00e9los \u00e9lectriques, assurant ainsi un confort optimal pour vos escapades estivales.[\/vc_column_text]<div class=\"eltdf-separator-holder clearfix  eltdf-separator-center \">\n\t<div class=\"eltdf-separator\" style=\"margin-top: 25px;margin-bottom: 25px\"><\/div>\n<\/div>\n[vc_btn title=\u00a0\u00bbR\u00e9servez maintenant\u00a0\u00bb style=\u00a0\u00bbflat\u00a0\u00bb shape=\u00a0\u00bbround\u00a0\u00bb color=\u00a0\u00bbwarning\u00a0\u00bb align=\u00a0\u00bbleft\u00a0\u00bb el_class=\u00a0\u00bbbouton-premier\u00a0\u00bb link=\u00a0\u00bburl:https%3A%2F%2Fbelowzerorental.com%2Ffr%2Flocation-de-skis-et-planches-a-neige%2F|title:Location\u00a0\u00bb][\/vc_column][\/vc_row][vc_row el_class=\u00a0\u00bbpadding-rangee-haut\u00a0\u00bb][vc_column][vc_row_inner][vc_column_inner][vc_column_text]<\/p>\n<h3 style=\"text-align: center;\">Vos vacances \u00e0 la montagne n\u2019auront jamais \u00e9t\u00e9 aussi simples qu\u2019avec Below Zero Rental!<\/h3>\n<p>[\/vc_column_text][vc_empty_space height=\u00a0\u00bb55px\u00a0\u00bb][\/vc_column_inner][\/vc_row_inner][vc_row_inner content_placement=\u00a0\u00bbmiddle\u00a0\u00bb][vc_column_inner width=\u00a0\u00bb1\/2&Prime;]<div class=\"eltdf-single-image-holder    \">\n    <div class=\"eltdf-si-inner\" >\n                                    <img loading=\"lazy\" decoding=\"async\" width=\"800\" height=\"533\" src=\"https:\/\/belowzerorental.com\/wp-content\/uploads\/2023\/10\/rental-thumb.jpg\" class=\"attachment-full size-full\" alt=\"\" srcset=\"https:\/\/belowzerorental.com\/wp-content\/uploads\/2023\/10\/rental-thumb.jpg 800w, https:\/\/belowzerorental.com\/wp-content\/uploads\/2023\/10\/rental-thumb-300x200.jpg 300w, https:\/\/belowzerorental.com\/wp-content\/uploads\/2023\/10\/rental-thumb-768x512.jpg 768w, https:\/\/belowzerorental.com\/wp-content\/uploads\/2023\/10\/rental-thumb-500x333.jpg 500w, https:\/\/belowzerorental.com\/wp-content\/uploads\/2023\/10\/rental-thumb-700x466.jpg 700w\" sizes=\"auto, (max-width: 800px) 100vw, 800px\" \/>                        <\/div>\n<\/div>[\/vc_column_inner][vc_column_inner el_class=\u00a0\u00bbfull-width-col-ipad\u00a0\u00bb width=\u00a0\u00bb1\/2&Prime;][vc_column_text]N\u2019attendez pas en ligne pour vos locations de ski, snowboard et v\u00e9lo! R\u00e9servez maintenant et r\u00e9cup\u00e9rez vos locations la veille de votre premi\u00e8re journ\u00e9e d\u2019activit\u00e9. Nous sommes situ\u00e9s \u00e0 5 minutes de la station de ski Tremblant.[\/vc_column_text][vc_empty_space height=\u00a0\u00bb55px\u00a0\u00bb][vc_column_text]<\/p>\n<ul>\n<li><a href=\"https:\/\/belowzerorental.com\/fr\/location-de-skis-et-planches-a-neige\/\">Location de skis<\/a><\/li>\n<li><a href=\"https:\/\/belowzerorental.com\/fr\/location-de-skis-et-planches-a-neige\/\">Location de snowboard<\/a><\/li>\n<li><a href=\"https:\/\/belowzerorental.com\/fr\/location-de-motoneige-tremblant\/\">Location de motoneiges<\/a><\/li>\n<li><a href=\"https:\/\/belowzerorental.com\/fr\/locations-de-velo-electrique\/\">Location de v\u00e9lo<\/a><\/li>\n<li><a href=\"https:\/\/belowzerorental.com\/fr\/tours-guides\/\">Tours guid\u00e9s<\/a><\/li>\n<\/ul>\n<p>[\/vc_column_text]<div class=\"eltdf-separator-holder clearfix  eltdf-separator-center \">\n\t<div class=\"eltdf-separator\" style=\"margin-top: 25px;margin-bottom: 25px\"><\/div>\n<\/div>\n[\/vc_column_inner][\/vc_row_inner][vc_empty_space height=\u00a0\u00bb55px\u00a0\u00bb]<div class=\"eltdf-section-title-holder   eltdf-st-decorative-line\" style=\"text-align: center\">\n\t<div class=\"eltdf-st-inner\">\n                    <span class=\"eltdf-st-caption\" >\n                <span class=\"eltdf-st-caption-inner\" >De tout pour vos activit\u00e9s de montagne et de plein air<\/span>\n            <\/span>\n        \t\t\t\t\t<h2 class=\"eltdf-st-title\" >\n    <span class=\"eltdf-st-title-inner\"><span class=\"eltdf-st-side-line-left\" ><\/span>NOS \u00c9QUIPEMENTS<span class=\"eltdf-st-side-line-right\" ><\/span><\/span>\n\t\t\t<\/h2>\n\t\t\t\t\t\t\t<p class=\"eltdf-st-text\" >\n\t\t\t\tChez Below Zero Ski Rental, nous nous effor\u00e7ons de fournir les meilleurs \u00e9quipements de location pour toutes vos activit\u00e9s hivernales et estivales. Notre large gamme d'\u00e9quipement de ski et de planches \u00e0 neige de qualit\u00e9 vous assure des performances optimales sur les pistes. Nous proposons \u00e9galement la location d'\u00e9quipement pour d'autres sports de plein air, comme la raquette et le patin, mais aussi le v\u00e9lo \u00e9lectrique pour vous \u00e9clater sur les nombreuses pistes cyclables de la r\u00e9gion!\nGr\u00e2ce \u00e0 nos \u00e9quipements de location de qualit\u00e9, vous pouvez profiter pleinement de votre s\u00e9jour \u00e0 Mont-Tremblant et dans la r\u00e9gion, sans attente, et sans stress.\t\t\t<\/p>\n\t\t\t\t\t<\/div>\n<\/div>[vc_empty_space height=\u00a0\u00bb15px\u00a0\u00bb][vc_btn title=\u00a0\u00bbVoir tous nos \u00e9quipements\u00a0\u00bb style=\u00a0\u00bbflat\u00a0\u00bb shape=\u00a0\u00bbround\u00a0\u00bb color=\u00a0\u00bbwarning\u00a0\u00bb align=\u00a0\u00bbcenter\u00a0\u00bb el_class=\u00a0\u00bbbouton-orange-contour\u00a0\u00bb link=\u00a0\u00bburl:https%3A%2F%2Fbelowzerorental.com%2Ffr%2Fequipements-ski-snowboard%2F|title:Nos%20%C3%A9quipements\u00a0\u00bb][vc_empty_space height=\u00a0\u00bb55px\u00a0\u00bb][\/vc_column][\/vc_row][vc_row el_class=\u00a0\u00bbpadding-rangee-bas equipement\u00a0\u00bb][vc_column width=\u00a0\u00bb1\/5&Prime;][vc_single_image image=\u00a0\u00bb30199&Prime; img_size=\u00a0\u00bb600&#215;915&Prime; alignment=\u00a0\u00bbcenter\u00a0\u00bb][vc_column_text]<\/p>\n<h3 style=\"text-align: center;\">V\u00c9LO<\/h3>\n<p>[\/vc_column_text][vc_btn title=\u00a0\u00bbEn savoir plus\u00a0\u00bb style=\u00a0\u00bboutline\u00a0\u00bb shape=\u00a0\u00bbround\u00a0\u00bb color=\u00a0\u00bbwarning\u00a0\u00bb align=\u00a0\u00bbcenter\u00a0\u00bb el_class=\u00a0\u00bbbouton-orange-contour\u00a0\u00bb link=\u00a0\u00bburl:https%3A%2F%2Fbelowzerorental.com%2Ffr%2Flocation-fatbike-electrique%2F|title:Nos%20%C3%A9quipements\u00a0\u00bb][\/vc_column][vc_column css_animation=\u00a0\u00bbfadeInLeft\u00a0\u00bb width=\u00a0\u00bb1\/5&Prime;][vc_single_image image=\u00a0\u00bb30171&Prime; img_size=\u00a0\u00bb600&#215;915&Prime; alignment=\u00a0\u00bbcenter\u00a0\u00bb][vc_column_text]<\/p>\n<h3 style=\"text-align: center;\">SKI ALPIN<\/h3>\n<p>[\/vc_column_text][vc_btn title=\u00a0\u00bbEn savoir plus\u00a0\u00bb style=\u00a0\u00bboutline\u00a0\u00bb shape=\u00a0\u00bbround\u00a0\u00bb color=\u00a0\u00bbwarning\u00a0\u00bb align=\u00a0\u00bbcenter\u00a0\u00bb el_class=\u00a0\u00bbbouton-orange-contour\u00a0\u00bb link=\u00a0\u00bburl:https%3A%2F%2Fbelowzerorental.com%2Ffr%2Fequipements-ski-snowboard%2F|title:nos%20%C3%A9quipements|\u00a0\u00bb][\/vc_column][vc_column css_animation=\u00a0\u00bbfadeInUp\u00a0\u00bb width=\u00a0\u00bb1\/5&Prime;][vc_single_image image=\u00a0\u00bb22459&Prime; img_size=\u00a0\u00bb600&#215;915&Prime; alignment=\u00a0\u00bbcenter\u00a0\u00bb][vc_column_text]<\/p>\n<h3 style=\"text-align: center;\">SNOWBOARD<\/h3>\n<p>[\/vc_column_text][vc_btn title=\u00a0\u00bbEn savoir plus\u00a0\u00bb style=\u00a0\u00bboutline\u00a0\u00bb shape=\u00a0\u00bbround\u00a0\u00bb color=\u00a0\u00bbwarning\u00a0\u00bb align=\u00a0\u00bbcenter\u00a0\u00bb el_class=\u00a0\u00bbbouton-orange-contour\u00a0\u00bb link=\u00a0\u00bburl:https%3A%2F%2Fbelowzerorental.com%2Ffr%2Fequipements-ski-snowboard%2F%23snowboard|title:%C3%89quipements|\u00a0\u00bb][\/vc_column][vc_column css_animation=\u00a0\u00bbfadeInRight\u00a0\u00bb width=\u00a0\u00bb1\/5&Prime;][vc_single_image image=\u00a0\u00bb22742&Prime; img_size=\u00a0\u00bb600&#215;915&Prime; alignment=\u00a0\u00bbcenter\u00a0\u00bb][vc_column_text]<\/p>\n<h3 style=\"text-align: center;\">SKI DE FOND<\/h3>\n<p>[\/vc_column_text][vc_btn title=\u00a0\u00bbEn savoir plus\u00a0\u00bb style=\u00a0\u00bboutline\u00a0\u00bb shape=\u00a0\u00bbround\u00a0\u00bb color=\u00a0\u00bbwarning\u00a0\u00bb align=\u00a0\u00bbcenter\u00a0\u00bb el_class=\u00a0\u00bbbouton-orange-contour\u00a0\u00bb link=\u00a0\u00bburl:https%3A%2F%2Fbelowzerorental.com%2Ffr%2Flocation-de-skis-et-planches-a-neige%2F|title:Nos%20%C3%A9quipements\u00a0\u00bb][\/vc_column][vc_column css_animation=\u00a0\u00bbfadeInDown\u00a0\u00bb width=\u00a0\u00bb1\/5&Prime;][vc_single_image image=\u00a0\u00bb23523&Prime; img_size=\u00a0\u00bb600&#215;915&Prime; alignment=\u00a0\u00bbcenter\u00a0\u00bb][vc_column_text]<\/p>\n<h3 style=\"text-align: center;\"><span style=\"font-weight: 400;\">MOTONEIGE<\/span><\/h3>\n<p>[\/vc_column_text][vc_btn title=\u00a0\u00bbEn savoir plus\u00a0\u00bb style=\u00a0\u00bboutline\u00a0\u00bb shape=\u00a0\u00bbround\u00a0\u00bb color=\u00a0\u00bbwarning\u00a0\u00bb align=\u00a0\u00bbcenter\u00a0\u00bb el_class=\u00a0\u00bbbouton-orange-contour\u00a0\u00bb link=\u00a0\u00bburl:https%3A%2F%2Fbelowzerorental.com%2Ffr%2Fmotoneiges%2F|title:Nos%20%C3%A9quipements|\u00a0\u00bb][\/vc_column][\/vc_row][vc_row full_width=\u00a0\u00bbstretch_row\u00a0\u00bb el_class=\u00a0\u00bbpadding-bande titre-bande-bas bandedeux\u00a0\u00bb css=\u00a0\u00bb.vc_custom_1697018352039{background-image: url(https:\/\/belowzerorental.com\/wp-content\/uploads\/2023\/10\/contact-accueil2.jpg?id=30192) !important;background-position: center !important;background-repeat: no-repeat !important;background-size: cover !important;}\u00a0\u00bb][vc_column css_animation=\u00a0\u00bbfadeInLeft\u00a0\u00bb width=\u00a0\u00bb2\/3&Prime;][vc_column_text el_class=\u00a0\u00bbtxt-question\u00a0\u00bb css=\u00a0\u00bb.vc_custom_1683242952902{margin-bottom: 35px !important;}\u00a0\u00bb]<\/p>\n<h2 style=\"text-align: left;\">Des questions \u00e0 propos de notre service de location au Mont-Tremblant?<\/h2>\n<p>Notre \u00e9quipe d\u00e9vou\u00e9e et exp\u00e9riment\u00e9e est \u00e0 votre disposition pour r\u00e9pondre \u00e0 toutes vos interrogations concernant la location d&rsquo;\u00e9quipements de ski, de v\u00e9los \u00e9lectriques et d&rsquo;autres \u00e9quipements de plein air.<\/p>\n<p>N&rsquo;h\u00e9sitez pas \u00e0 nous contacter pour obtenir des conseils, des recommandations ou des informations sur nos services et nos offres adapt\u00e9es \u00e0 vos besoins pour profiter au maximum de votre s\u00e9jour \u00e0 Mont-Tremblant.[\/vc_column_text][vc_btn title=\u00a0\u00bbContactez-nous\u00a0\u00bb style=\u00a0\u00bbflat\u00a0\u00bb shape=\u00a0\u00bbround\u00a0\u00bb color=\u00a0\u00bbwarning\u00a0\u00bb el_class=\u00a0\u00bbbouton-orange\u00a0\u00bb link=\u00a0\u00bburl:https%3A%2F%2Fbelowzerorental.com%2Ffr%2Fcontact-location-tremblant%2F|title:Contact|\u00a0\u00bb][\/vc_column][vc_column width=\u00a0\u00bb1\/3&Prime;][\/vc_column][\/vc_row]<\/p>\n<\/section>","protected":false},"excerpt":{"rendered":"<p>[vc_row el_class=\u00a0\u00bbpadding-slider padding-rangee-bas\u00a0\u00bb][vc_column][vc_column_text el_class=\u00a0\u00bbtitle-holder\u00a0\u00bb] Location de ski, snowboard, motoneige et v\u00e9lo Mont-Tremblant [\/vc_column_text][vc_empty_space height=\u00a0\u00bb20px\u00a0\u00bb][vc_row_inner][vc_column_inner width=\u00a0\u00bb1\/12&Prime;][\/vc_column_inner][vc_column_inner el_class=\u00a0\u00bbfull-width-col-ipad\u00a0\u00bb width=\u00a0\u00bb10\/12&Prime;][vc_column_text] Depuis 1998, Below Zero Ski Rental est sp\u00e9cialis\u00e9 dans la location de ski, la location de planche \u00e0 neige et de motoneige \u00e0 [&hellip;]<\/p>\n","protected":false},"author":1,"featured_media":30071,"parent":0,"menu_order":0,"comment_status":"closed","ping_status":"closed","template":"","meta":{"_acf_changed":false,"footnotes":""},"class_list":["post-20150","page","type-page","status-publish","has-post-thumbnail","hentry"],"acf":[],"yoast_head":"<!-- This site is optimized with the Yoast SEO plugin v24.4 - https:\/\/yoast.com\/wordpress\/plugins\/seo\/ -->\n<title>Boutique de location d&#039;\u00e9quipements \u00e0 Tremblant: v\u00e9los, skis et snowboard<\/title>\n<meta name=\"description\" content=\"Magasin de location haut de gamme \u00e0 Mont-Tremblant. Louez des v\u00e9los \u00e9lectriques, skis, snowboards et plus encore. Pr\u00e8s des pistes cyclables. Service rapide\" \/>\n<meta name=\"robots\" content=\"index, follow, max-snippet:-1, max-image-preview:large, max-video-preview:-1\" \/>\n<link rel=\"canonical\" href=\"https:\/\/belowzerorental.com\/fr\/\" \/>\n<meta property=\"og:locale\" content=\"fr_CA\" \/>\n<meta property=\"og:type\" content=\"article\" \/>\n<meta property=\"og:title\" content=\"Location de v\u00e9lo \u00e9lectrique, ski et snowboard \u00e0 Mont-Tremblant - Below Zero Rentals\" \/>\n<meta property=\"og:description\" content=\"Meta description: Vaste choix de v\u00e9los \u00e9lectriques, skis et snowboard disponibles en location. Venez nous voir dans le village de Mont-Tremblant, tout pr\u00e8s des pistes de v\u00e9los.\" \/>\n<meta property=\"og:url\" content=\"https:\/\/belowzerorental.com\/fr\/\" \/>\n<meta property=\"og:site_name\" content=\"Below Zero Rentals\" \/>\n<meta property=\"article:modified_time\" content=\"2024-12-05T10:55:33+00:00\" \/>\n<meta property=\"og:image\" content=\"https:\/\/belowzerorental.com\/wp-content\/uploads\/2023\/02\/velo-de-montagne.png.webp\" \/>\n\t<meta property=\"og:image:width\" content=\"1024\" \/>\n\t<meta property=\"og:image:height\" content=\"696\" \/>\n\t<meta property=\"og:image:type\" content=\"image\/webp\" \/>\n<meta name=\"twitter:card\" content=\"summary_large_image\" \/>\n<meta name=\"twitter:title\" content=\"Location de v\u00e9lo \u00e9lectrique, ski et snowboard \u00e0 Mont-Tremblant - Below Zero Rentals\" \/>\n<meta name=\"twitter:description\" content=\"Meta description: Vaste choix de v\u00e9los \u00e9lectriques, skis et snowboard disponibles en location. Venez nous voir dans le village de Mont-Tremblant, tout pr\u00e8s des pistes de v\u00e9los.\" \/>\n<meta name=\"twitter:image\" content=\"https:\/\/belowzerorental.com\/wp-content\/uploads\/2023\/02\/velo-de-montagne.png.webp\" \/>\n<meta name=\"twitter:label1\" content=\"Estimation du temps de lecture\" \/>\n\t<meta name=\"twitter:data1\" content=\"4 minutes\" \/>\n<script type=\"application\/ld+json\" class=\"yoast-schema-graph\">{\"@context\":\"https:\/\/schema.org\",\"@graph\":[{\"@type\":\"WebPage\",\"@id\":\"https:\/\/belowzerorental.com\/fr\/\",\"url\":\"https:\/\/belowzerorental.com\/fr\/\",\"name\":\"Boutique de location d'\u00e9quipements \u00e0 Tremblant: v\u00e9los, skis et snowboard\",\"isPartOf\":{\"@id\":\"https:\/\/belowzerorental.com\/#website\"},\"primaryImageOfPage\":{\"@id\":\"https:\/\/belowzerorental.com\/fr\/#primaryimage\"},\"image\":{\"@id\":\"https:\/\/belowzerorental.com\/fr\/#primaryimage\"},\"thumbnailUrl\":\"https:\/\/belowzerorental.com\/wp-content\/uploads\/2023\/09\/petit-train-du-nord_2.jpg\",\"datePublished\":\"2019-01-03T04:58:44+00:00\",\"dateModified\":\"2024-12-05T10:55:33+00:00\",\"description\":\"Magasin de location haut de gamme \u00e0 Mont-Tremblant. Louez des v\u00e9los \u00e9lectriques, skis, snowboards et plus encore. Pr\u00e8s des pistes cyclables. Service rapide\",\"inLanguage\":\"fr-CA\",\"potentialAction\":[{\"@type\":\"ReadAction\",\"target\":[\"https:\/\/belowzerorental.com\/fr\/\"]}]},{\"@type\":\"ImageObject\",\"inLanguage\":\"fr-CA\",\"@id\":\"https:\/\/belowzerorental.com\/fr\/#primaryimage\",\"url\":\"https:\/\/belowzerorental.com\/wp-content\/uploads\/2023\/09\/petit-train-du-nord_2.jpg\",\"contentUrl\":\"https:\/\/belowzerorental.com\/wp-content\/uploads\/2023\/09\/petit-train-du-nord_2.jpg\",\"width\":900,\"height\":600,\"caption\":\"Bike Tour Tremblant\"},{\"@type\":\"WebSite\",\"@id\":\"https:\/\/belowzerorental.com\/#website\",\"url\":\"https:\/\/belowzerorental.com\/\",\"name\":\"Below Zero Rentals\",\"description\":\"Mont Tremblant Ski &amp; Snowboard Equipment Rentals\",\"potentialAction\":[{\"@type\":\"SearchAction\",\"target\":{\"@type\":\"EntryPoint\",\"urlTemplate\":\"https:\/\/belowzerorental.com\/?s={search_term_string}\"},\"query-input\":{\"@type\":\"PropertyValueSpecification\",\"valueRequired\":true,\"valueName\":\"search_term_string\"}}],\"inLanguage\":\"fr-CA\"}]}<\/script>\n<!-- \/ Yoast SEO plugin. -->","yoast_head_json":{"title":"Boutique de location d'\u00e9quipements \u00e0 Tremblant: v\u00e9los, skis et snowboard","description":"Magasin de location haut de gamme \u00e0 Mont-Tremblant. Louez des v\u00e9los \u00e9lectriques, skis, snowboards et plus encore. Pr\u00e8s des pistes cyclables. Service rapide","robots":{"index":"index","follow":"follow","max-snippet":"max-snippet:-1","max-image-preview":"max-image-preview:large","max-video-preview":"max-video-preview:-1"},"canonical":"https:\/\/belowzerorental.com\/fr\/","og_locale":"fr_CA","og_type":"article","og_title":"Location de v\u00e9lo \u00e9lectrique, ski et snowboard \u00e0 Mont-Tremblant - Below Zero Rentals","og_description":"Meta description: Vaste choix de v\u00e9los \u00e9lectriques, skis et snowboard disponibles en location. Venez nous voir dans le village de Mont-Tremblant, tout pr\u00e8s des pistes de v\u00e9los.","og_url":"https:\/\/belowzerorental.com\/fr\/","og_site_name":"Below Zero Rentals","article_modified_time":"2024-12-05T10:55:33+00:00","og_image":[{"width":1024,"height":696,"url":"https:\/\/belowzerorental.com\/wp-content\/uploads\/2023\/02\/velo-de-montagne.png.webp","type":"image\/webp"}],"twitter_card":"summary_large_image","twitter_title":"Location de v\u00e9lo \u00e9lectrique, ski et snowboard \u00e0 Mont-Tremblant - Below Zero Rentals","twitter_description":"Meta description: Vaste choix de v\u00e9los \u00e9lectriques, skis et snowboard disponibles en location. Venez nous voir dans le village de Mont-Tremblant, tout pr\u00e8s des pistes de v\u00e9los.","twitter_image":"https:\/\/belowzerorental.com\/wp-content\/uploads\/2023\/02\/velo-de-montagne.png.webp","twitter_misc":{"Estimation du temps de lecture":"4 minutes"},"schema":{"@context":"https:\/\/schema.org","@graph":[{"@type":"WebPage","@id":"https:\/\/belowzerorental.com\/fr\/","url":"https:\/\/belowzerorental.com\/fr\/","name":"Boutique de location d'\u00e9quipements \u00e0 Tremblant: v\u00e9los, skis et snowboard","isPartOf":{"@id":"https:\/\/belowzerorental.com\/#website"},"primaryImageOfPage":{"@id":"https:\/\/belowzerorental.com\/fr\/#primaryimage"},"image":{"@id":"https:\/\/belowzerorental.com\/fr\/#primaryimage"},"thumbnailUrl":"https:\/\/belowzerorental.com\/wp-content\/uploads\/2023\/09\/petit-train-du-nord_2.jpg","datePublished":"2019-01-03T04:58:44+00:00","dateModified":"2024-12-05T10:55:33+00:00","description":"Magasin de location haut de gamme \u00e0 Mont-Tremblant. Louez des v\u00e9los \u00e9lectriques, skis, snowboards et plus encore. Pr\u00e8s des pistes cyclables. Service rapide","inLanguage":"fr-CA","potentialAction":[{"@type":"ReadAction","target":["https:\/\/belowzerorental.com\/fr\/"]}]},{"@type":"ImageObject","inLanguage":"fr-CA","@id":"https:\/\/belowzerorental.com\/fr\/#primaryimage","url":"https:\/\/belowzerorental.com\/wp-content\/uploads\/2023\/09\/petit-train-du-nord_2.jpg","contentUrl":"https:\/\/belowzerorental.com\/wp-content\/uploads\/2023\/09\/petit-train-du-nord_2.jpg","width":900,"height":600,"caption":"Bike Tour Tremblant"},{"@type":"WebSite","@id":"https:\/\/belowzerorental.com\/#website","url":"https:\/\/belowzerorental.com\/","name":"Below Zero Rentals","description":"Mont Tremblant Ski &amp; Snowboard Equipment Rentals","potentialAction":[{"@type":"SearchAction","target":{"@type":"EntryPoint","urlTemplate":"https:\/\/belowzerorental.com\/?s={search_term_string}"},"query-input":{"@type":"PropertyValueSpecification","valueRequired":true,"valueName":"search_term_string"}}],"inLanguage":"fr-CA"}]}},"_links":{"self":[{"href":"https:\/\/belowzerorental.com\/fr\/wp-json\/wp\/v2\/pages\/20150","targetHints":{"allow":["GET"]}}],"collection":[{"href":"https:\/\/belowzerorental.com\/fr\/wp-json\/wp\/v2\/pages"}],"about":[{"href":"https:\/\/belowzerorental.com\/fr\/wp-json\/wp\/v2\/types\/page"}],"author":[{"embeddable":true,"href":"https:\/\/belowzerorental.com\/fr\/wp-json\/wp\/v2\/users\/1"}],"replies":[{"embeddable":true,"href":"https:\/\/belowzerorental.com\/fr\/wp-json\/wp\/v2\/comments?post=20150"}],"version-history":[{"count":120,"href":"https:\/\/belowzerorental.com\/fr\/wp-json\/wp\/v2\/pages\/20150\/revisions"}],"predecessor-version":[{"id":30691,"href":"https:\/\/belowzerorental.com\/fr\/wp-json\/wp\/v2\/pages\/20150\/revisions\/30691"}],"wp:featuredmedia":[{"embeddable":true,"href":"https:\/\/belowzerorental.com\/fr\/wp-json\/wp\/v2\/media\/30071"}],"wp:attachment":[{"href":"https:\/\/belowzerorental.com\/fr\/wp-json\/wp\/v2\/media?parent=20150"}],"curies":[{"name":"wp","href":"https:\/\/api.w.org\/{rel}","templated":true}]}}