{"id":22500,"date":"2021-11-12T13:39:15","date_gmt":"2021-11-12T18:39:15","guid":{"rendered":"https:\/\/belowzerorental.com\/?page_id=22500"},"modified":"2021-12-02T16:04:35","modified_gmt":"2021-12-02T21:04:35","slug":"forfaits-groupe-ski-snowboard","status":"publish","type":"page","link":"https:\/\/belowzerorental.com\/fr\/forfaits-groupe-ski-snowboard\/","title":{"rendered":"Forfaits de groupe"},"content":{"rendered":"<section class=\"wpb-content-wrapper\"><p>[vc_row full_width=\u00a0\u00bbstretch_row_content\u00a0\u00bb full_height=\u00a0\u00bbyes\u00a0\u00bb el_class=\u00a0\u00bbforfait-bloc-principal\u00a0\u00bb][vc_column][vc_column_text css_animation=\u00a0\u00bbfadeIn\u00a0\u00bb]<\/p>\n<p style=\"text-align: center;\">Vous cherchez une activit\u00e9 \u00e0 faire en groupe, un team building ou une activit\u00e9 corporative ?\u202f\u200b<\/p>\n<p style=\"text-align: center;\">Communiquer directement avec nous pour plus d\u2019informations.\u202f\u200b<\/p>\n<p>[\/vc_column_text][vc_btn title=\u00a0\u00bbNous contacter\u00a0\u00bb style=\u00a0\u00bbflat\u00a0\u00bb shape=\u00a0\u00bbround\u00a0\u00bb color=\u00a0\u00bbwarning\u00a0\u00bb align=\u00a0\u00bbcenter\u00a0\u00bb css_animation=\u00a0\u00bbfadeInUp\u00a0\u00bb link=\u00a0\u00bburl:https%3A%2F%2Fbelowzerorental.com%2Ffr%2Fcontact-location-tremblant%2F|title:Nous%20contacter\u00a0\u00bb el_class=\u00a0\u00bbforfait-bouton\u00a0\u00bb][\/vc_column][\/vc_row][vc_row][vc_column][\/vc_column][\/vc_row]<\/p>\n<\/section>","protected":false},"excerpt":{"rendered":"<p>[vc_row full_width=\u00a0\u00bbstretch_row_content\u00a0\u00bb full_height=\u00a0\u00bbyes\u00a0\u00bb el_class=\u00a0\u00bbforfait-bloc-principal\u00a0\u00bb][vc_column][vc_column_text css_animation=\u00a0\u00bbfadeIn\u00a0\u00bb] Vous cherchez une activit\u00e9 \u00e0 faire en groupe, un team building ou une activit\u00e9 corporative ?\u202f\u200b Communiquer directement avec nous pour plus d\u2019informations.\u202f\u200b [\/vc_column_text][vc_btn title=\u00a0\u00bbNous contacter\u00a0\u00bb style=\u00a0\u00bbflat\u00a0\u00bb shape=\u00a0\u00bbround\u00a0\u00bb color=\u00a0\u00bbwarning\u00a0\u00bb align=\u00a0\u00bbcenter\u00a0\u00bb css_animation=\u00a0\u00bbfadeInUp\u00a0\u00bb link=\u00a0\u00bburl:https%3A%2F%2Fbelowzerorental.com%2Ffr%2Fcontact-location-tremblant%2F|title:Nous%20contacter\u00a0\u00bb el_class=\u00a0\u00bbforfait-bouton\u00a0\u00bb][\/vc_column][\/vc_row][vc_row][vc_column][\/vc_column][\/vc_row]<\/p>\n","protected":false},"author":4,"featured_media":0,"parent":0,"menu_order":0,"comment_status":"closed","ping_status":"closed","template":"","meta":{"_acf_changed":false,"footnotes":""},"class_list":["post-22500","page","type-page","status-publish","hentry"],"acf":[],"yoast_head":"<!-- This site is optimized with the Yoast SEO plugin v24.4 - https:\/\/yoast.com\/wordpress\/plugins\/seo\/ -->\n<title>Location ski Tremblant - Forfaits de groupe - Below Zero Rentals<\/title>\n<meta name=\"description\" content=\"Vous cherchez une activit\u00e9 \u00e0 faire en groupe, un team building ou une activit\u00e9 corporative ?\u202f\u200bCommuniquer directement avec nous pour plus d\u2019informations.\u202f\u200b\" \/>\n<meta name=\"robots\" content=\"index, follow, max-snippet:-1, max-image-preview:large, max-video-preview:-1\" \/>\n<link rel=\"canonical\" href=\"https:\/\/belowzerorental.com\/fr\/forfaits-groupe-ski-snowboard\/\" \/>\n<meta property=\"og:locale\" content=\"fr_CA\" \/>\n<meta property=\"og:type\" content=\"article\" \/>\n<meta property=\"og:title\" content=\"Location ski Tremblant - Forfaits de groupe - Below Zero Rentals\" \/>\n<meta property=\"og:description\" content=\"Vous cherchez une activit\u00e9 \u00e0 faire en groupe, un team building ou une activit\u00e9 corporative ?\u202f\u200bCommuniquer directement avec nous pour plus d\u2019informations.\u202f\u200b\" \/>\n<meta property=\"og:url\" content=\"https:\/\/belowzerorental.com\/fr\/forfaits-groupe-ski-snowboard\/\" \/>\n<meta property=\"og:site_name\" content=\"Below Zero Rentals\" \/>\n<meta property=\"article:modified_time\" content=\"2021-12-02T21:04:35+00:00\" \/>\n<meta name=\"twitter:card\" content=\"summary_large_image\" \/>\n<script type=\"application\/ld+json\" class=\"yoast-schema-graph\">{\"@context\":\"https:\/\/schema.org\",\"@graph\":[{\"@type\":\"WebPage\",\"@id\":\"https:\/\/belowzerorental.com\/fr\/forfaits-groupe-ski-snowboard\/\",\"url\":\"https:\/\/belowzerorental.com\/fr\/forfaits-groupe-ski-snowboard\/\",\"name\":\"Location ski Tremblant - Forfaits de groupe - Below Zero Rentals\",\"isPartOf\":{\"@id\":\"https:\/\/belowzerorental.com\/#website\"},\"datePublished\":\"2021-11-12T18:39:15+00:00\",\"dateModified\":\"2021-12-02T21:04:35+00:00\",\"description\":\"Vous cherchez une activit\u00e9 \u00e0 faire en groupe, un team building ou une activit\u00e9 corporative ?\u202f\u200bCommuniquer directement avec nous pour plus d\u2019informations.\u202f\u200b\",\"inLanguage\":\"fr-CA\",\"potentialAction\":[{\"@type\":\"ReadAction\",\"target\":[\"https:\/\/belowzerorental.com\/fr\/forfaits-groupe-ski-snowboard\/\"]}]},{\"@type\":\"WebSite\",\"@id\":\"https:\/\/belowzerorental.com\/#website\",\"url\":\"https:\/\/belowzerorental.com\/\",\"name\":\"Below Zero Rentals\",\"description\":\"Mont Tremblant Ski &amp; Snowboard Equipment Rentals\",\"potentialAction\":[{\"@type\":\"SearchAction\",\"target\":{\"@type\":\"EntryPoint\",\"urlTemplate\":\"https:\/\/belowzerorental.com\/?s={search_term_string}\"},\"query-input\":{\"@type\":\"PropertyValueSpecification\",\"valueRequired\":true,\"valueName\":\"search_term_string\"}}],\"inLanguage\":\"fr-CA\"}]}<\/script>\n<!-- \/ Yoast SEO plugin. -->","yoast_head_json":{"title":"Location ski Tremblant - Forfaits de groupe - Below Zero Rentals","description":"Vous cherchez une activit\u00e9 \u00e0 faire en groupe, un team building ou une activit\u00e9 corporative ?\u202f\u200bCommuniquer directement avec nous pour plus d\u2019informations.\u202f\u200b","robots":{"index":"index","follow":"follow","max-snippet":"max-snippet:-1","max-image-preview":"max-image-preview:large","max-video-preview":"max-video-preview:-1"},"canonical":"https:\/\/belowzerorental.com\/fr\/forfaits-groupe-ski-snowboard\/","og_locale":"fr_CA","og_type":"article","og_title":"Location ski Tremblant - Forfaits de groupe - Below Zero Rentals","og_description":"Vous cherchez une activit\u00e9 \u00e0 faire en groupe, un team building ou une activit\u00e9 corporative ?\u202f\u200bCommuniquer directement avec nous pour plus d\u2019informations.\u202f\u200b","og_url":"https:\/\/belowzerorental.com\/fr\/forfaits-groupe-ski-snowboard\/","og_site_name":"Below Zero Rentals","article_modified_time":"2021-12-02T21:04:35+00:00","twitter_card":"summary_large_image","schema":{"@context":"https:\/\/schema.org","@graph":[{"@type":"WebPage","@id":"https:\/\/belowzerorental.com\/fr\/forfaits-groupe-ski-snowboard\/","url":"https:\/\/belowzerorental.com\/fr\/forfaits-groupe-ski-snowboard\/","name":"Location ski Tremblant - Forfaits de groupe - Below Zero Rentals","isPartOf":{"@id":"https:\/\/belowzerorental.com\/#website"},"datePublished":"2021-11-12T18:39:15+00:00","dateModified":"2021-12-02T21:04:35+00:00","description":"Vous cherchez une activit\u00e9 \u00e0 faire en groupe, un team building ou une activit\u00e9 corporative ?\u202f\u200bCommuniquer directement avec nous pour plus d\u2019informations.\u202f\u200b","inLanguage":"fr-CA","potentialAction":[{"@type":"ReadAction","target":["https:\/\/belowzerorental.com\/fr\/forfaits-groupe-ski-snowboard\/"]}]},{"@type":"WebSite","@id":"https:\/\/belowzerorental.com\/#website","url":"https:\/\/belowzerorental.com\/","name":"Below Zero Rentals","description":"Mont Tremblant Ski &amp; Snowboard Equipment Rentals","potentialAction":[{"@type":"SearchAction","target":{"@type":"EntryPoint","urlTemplate":"https:\/\/belowzerorental.com\/?s={search_term_string}"},"query-input":{"@type":"PropertyValueSpecification","valueRequired":true,"valueName":"search_term_string"}}],"inLanguage":"fr-CA"}]}},"_links":{"self":[{"href":"https:\/\/belowzerorental.com\/fr\/wp-json\/wp\/v2\/pages\/22500","targetHints":{"allow":["GET"]}}],"collection":[{"href":"https:\/\/belowzerorental.com\/fr\/wp-json\/wp\/v2\/pages"}],"about":[{"href":"https:\/\/belowzerorental.com\/fr\/wp-json\/wp\/v2\/types\/page"}],"author":[{"embeddable":true,"href":"https:\/\/belowzerorental.com\/fr\/wp-json\/wp\/v2\/users\/4"}],"replies":[{"embeddable":true,"href":"https:\/\/belowzerorental.com\/fr\/wp-json\/wp\/v2\/comments?post=22500"}],"version-history":[{"count":22,"href":"https:\/\/belowzerorental.com\/fr\/wp-json\/wp\/v2\/pages\/22500\/revisions"}],"predecessor-version":[{"id":22619,"href":"https:\/\/belowzerorental.com\/fr\/wp-json\/wp\/v2\/pages\/22500\/revisions\/22619"}],"wp:attachment":[{"href":"https:\/\/belowzerorental.com\/fr\/wp-json\/wp\/v2\/media?parent=22500"}],"curies":[{"name":"wp","href":"https:\/\/api.w.org\/{rel}","templated":true}]}}