{"id":23355,"date":"2022-01-03T13:18:30","date_gmt":"2022-01-03T18:18:30","guid":{"rendered":"https:\/\/belowzerorental.com\/snowmobiles\/"},"modified":"2024-01-05T09:08:40","modified_gmt":"2024-01-05T14:08:40","slug":"motoneiges","status":"publish","type":"page","link":"https:\/\/belowzerorental.com\/fr\/motoneiges\/","title":{"rendered":"Motoneiges"},"content":{"rendered":"<section class=\"wpb-content-wrapper\"><p>[vc_row el_class=\u00a0\u00bbequipement-titre\u00a0\u00bb][vc_column][vc_column_text css=\u00a0\u00bb.vc_custom_1691502041594{margin-bottom: 70px !important;}\u00a0\u00bb]D\u00e9couvrez notre gamme de motoneiges disponibles \u00e0 la location. Que vous ayez envie d\u2019une balade tranquille dans nos beaux paysages enneig\u00e9s, ou d\u2019une randonn\u00e9e sportive pleine d\u2019adr\u00e9naline, vous trouverez votre bonheur![\/vc_column_text][\/vc_column][\/vc_row][vc_row el_class=\u00a0\u00bbequipement-titre\u00a0\u00bb][vc_column]<div class=\"eltdf-section-title-holder   eltdf-st-decorative-line\" style=\"text-align: center\">\n\t<div class=\"eltdf-st-inner\">\n                    <span class=\"eltdf-st-caption\" >\n                <span class=\"eltdf-st-caption-inner\" >Les meilleures motoneiges sur le march\u00e9<\/span>\n            <\/span>\n        \t\t\t\t\t<h2 class=\"eltdf-st-title\" >\n    <span class=\"eltdf-st-title-inner\"><span class=\"eltdf-st-side-line-left\" ><\/span>Motoneiges r\u00e9guli\u00e8res<span class=\"eltdf-st-side-line-right\" ><\/span><\/span>\n\t\t\t<\/h2>\n\t\t\t\t\t\t\t<\/div>\n<\/div>[vc_empty_space height=\u00a0\u00bb55px\u00a0\u00bb][vc_btn title=\u00a0\u00bbR\u00e9serve maintenant \u00a0\u00bb color=\u00a0\u00bbwarning\u00a0\u00bb align=\u00a0\u00bbcenter\u00a0\u00bb link=\u00a0\u00bburl:https%3A%2F%2Ffareharbor.com%2Fembeds%2Fbook%2Fbelowzerorental%2Fitems%2F%3Fflow%3D1061847%26full-items%3Dyes|title:%40%20Snowmobiles\u00a0\u00bb][\/vc_column][\/vc_row][vc_row el_class=\u00a0\u00bbequipement-page motoneiges\u00a0\u00bb][vc_column css_animation=\u00a0\u00bbnone\u00a0\u00bb width=\u00a0\u00bb1\/2&Prime;][vc_single_image image=\u00a0\u00bb23168&Prime; img_size=\u00a0\u00bbfull\u00a0\u00bb alignment=\u00a0\u00bbcenter\u00a0\u00bb onclick=\u00a0\u00bbcustom_link\u00a0\u00bb link=\u00a0\u00bbhttps:\/\/belowzerorental.com\/fr\/location-de-motoneige-tremblant\/\u00a0\u00bb][vc_column_text]<\/p>\n<h4 style=\"text-align: left;\">Expedition sport (2 places) 600 ACE<\/h4>\n<p style=\"text-align: left;\">Les motoneiges ski-doo expedition forment une cat\u00e9gorie \u00e0 part. Reflet de leurs origines de libert\u00e9 scandinave, elles se distinguent par un m\u00e9lange judicieux de confort, de comp\u00e9tence hors-piste et d&rsquo;une solide aptitude au travail.<br \/>\n\u200b<\/p>\n<p>[\/vc_column_text][\/vc_column][vc_column css_animation=\u00a0\u00bbnone\u00a0\u00bb width=\u00a0\u00bb1\/2&Prime;][\/vc_column][\/vc_row][vc_row][vc_column][vc_empty_space][vc_separator align=\u00a0\u00bbalign_left\u00a0\u00bb el_class=\u00a0\u00bbligne-equipement\u00a0\u00bb][\/vc_column][\/vc_row][vc_row el_class=\u00a0\u00bbequipement-titre equipement-2&Prime;][vc_column][vc_column_text]<\/p>\n<h4 style=\"text-align: center;\"><strong>Motoneiges de performance <\/strong><\/h4>\n<p>[\/vc_column_text][vc_empty_space height=\u00a0\u00bb55px\u00a0\u00bb][\/vc_column][\/vc_row][vc_row el_class=\u00a0\u00bbequipement-page motoneiges\u00a0\u00bb css=\u00a0\u00bb.vc_custom_1642706689746{margin-bottom: 25px !important;}\u00a0\u00bb][vc_column css_animation=\u00a0\u00bbnone\u00a0\u00bb width=\u00a0\u00bb1\/2&Prime;][vc_single_image image=\u00a0\u00bb23166&Prime; img_size=\u00a0\u00bbfull\u00a0\u00bb alignment=\u00a0\u00bbcenter\u00a0\u00bb onclick=\u00a0\u00bbcustom_link\u00a0\u00bb link=\u00a0\u00bbhttps:\/\/belowzerorental.com\/fr\/location-de-motoneige-tremblant\/\u00a0\u00bb][vc_column_text]<\/p>\n<h4 style=\"text-align: left;\">Backcountry sport<\/h4>\n<p style=\"text-align: left;\">Le v\u00e9ritable adepte de la motoneige hybride 50\/50 r\u00eave de mordre dans la poudreuse pour ensuite franchir de longues distances. la randonn\u00e9e id\u00e9ale est celle qui m\u00e8ne \u00e0 des destinations jusqu\u2019ici inconnues. Les mod\u00e8les ski-doo backcountry sont des motoneiges sans compromis, con\u00e7ues pour les motoneigistes avides d\u2019aventures<\/p>\n<p>[\/vc_column_text][\/vc_column][vc_column css_animation=\u00a0\u00bbnone\u00a0\u00bb width=\u00a0\u00bb1\/2&Prime;][vc_single_image image=\u00a0\u00bb23168&Prime; img_size=\u00a0\u00bbfull\u00a0\u00bb alignment=\u00a0\u00bbcenter\u00a0\u00bb onclick=\u00a0\u00bbcustom_link\u00a0\u00bb link=\u00a0\u00bbhttps:\/\/belowzerorental.com\/fr\/location-de-motoneige-tremblant\/\u00a0\u00bb][vc_column_text]<\/p>\n<h4 style=\"text-align: left;\">Expedition sport (2 places) 900 ACE\u200b<\/h4>\n<p style=\"text-align: left;\">les motoneiges ski-doo expedition forment une cat\u00e9gorie \u00e0 part. ce mod\u00e8le sport et plus performant dans sa cat\u00e9gorie, vous permettra d\u2019atteindre de nouveaux sommets. Elles se distinguent par un m\u00e9lange judicieux de confort, de comp\u00e9tence hors-piste et d&rsquo;une solide aptitude au travail.<\/p>\n<p>[\/vc_column_text][\/vc_column][\/vc_row][vc_row el_class=\u00a0\u00bbequipement-page motoneiges\u00a0\u00bb][vc_column css_animation=\u00a0\u00bbnone\u00a0\u00bb width=\u00a0\u00bb1\/2&Prime;][vc_single_image image=\u00a0\u00bb23170&Prime; img_size=\u00a0\u00bbfull\u00a0\u00bb alignment=\u00a0\u00bbcenter\u00a0\u00bb onclick=\u00a0\u00bbcustom_link\u00a0\u00bb link=\u00a0\u00bbhttps:\/\/belowzerorental.com\/fr\/location-de-motoneige-tremblant\/\u00a0\u00bb][vc_column_text]<\/p>\n<h4 style=\"text-align: left;\">Renegade adrenaline 600 ITEC\u200b<\/h4>\n<p style=\"text-align: left;\">Les conducteurs de Renegade refusent d\u2019\u00eatre d\u00e9finis par un seul v\u00e9hicule. leur go\u00fbt pour le terrain varie d&rsquo;un jour \u00e0 l&rsquo;autre et m\u00eame d&rsquo;heure en heure. Ils ne n\u00e9gligent rien dans chaque parcours et exigent une motoneige qui en fera de m\u00eame, peu importe les conditions.<\/p>\n<p>[\/vc_column_text][\/vc_column][vc_column css_animation=\u00a0\u00bbnone\u00a0\u00bb width=\u00a0\u00bb1\/2&Prime;][\/vc_column][\/vc_row][vc_row][vc_column][vc_empty_space][\/vc_column][\/vc_row]<\/p>\n<\/section>","protected":false},"excerpt":{"rendered":"<p>[vc_row el_class=\u00a0\u00bbequipement-titre\u00a0\u00bb][vc_column][vc_column_text css=\u00a0\u00bb.vc_custom_1691502041594{margin-bottom: 70px !important;}\u00a0\u00bb]D\u00e9couvrez notre gamme de motoneiges disponibles \u00e0 la location. Que vous ayez envie d\u2019une balade tranquille dans nos beaux paysages enneig\u00e9s, ou d\u2019une randonn\u00e9e sportive pleine d\u2019adr\u00e9naline, vous trouverez votre bonheur![\/vc_column_text][\/vc_column][\/vc_row][vc_row el_class=\u00a0\u00bbequipement-titre\u00a0\u00bb][vc_column][vc_empty_space height=\u00a0\u00bb55px\u00a0\u00bb][vc_btn title=\u00a0\u00bbR\u00e9serve maintenant \u00a0\u00bb [&hellip;]<\/p>\n","protected":false},"author":4,"featured_media":0,"parent":0,"menu_order":0,"comment_status":"closed","ping_status":"closed","template":"","meta":{"_acf_changed":false,"footnotes":""},"class_list":["post-23355","page","type-page","status-publish","hentry"],"acf":[],"yoast_head":"<!-- This site is optimized with the Yoast SEO plugin v24.4 - https:\/\/yoast.com\/wordpress\/plugins\/seo\/ -->\n<title>Location de motoneige - Below Zero Rentals<\/title>\n<meta name=\"description\" content=\"Consultez la liste de nos meilleures motoneiges en location pour profiter de l\u2019hiver \u00e0 Tremblant. Contactez-nous !\" \/>\n<meta name=\"robots\" content=\"index, follow, max-snippet:-1, max-image-preview:large, max-video-preview:-1\" \/>\n<link rel=\"canonical\" href=\"https:\/\/belowzerorental.com\/fr\/motoneiges\/\" \/>\n<meta property=\"og:locale\" content=\"fr_CA\" \/>\n<meta property=\"og:type\" content=\"article\" \/>\n<meta property=\"og:title\" content=\"Location de motoneige - Below Zero Rentals\" \/>\n<meta property=\"og:description\" content=\"Consultez la liste de nos meilleures motoneiges en location pour profiter de l\u2019hiver \u00e0 Tremblant. Contactez-nous !\" \/>\n<meta property=\"og:url\" content=\"https:\/\/belowzerorental.com\/fr\/motoneiges\/\" \/>\n<meta property=\"og:site_name\" content=\"Below Zero Rentals\" \/>\n<meta property=\"article:modified_time\" content=\"2024-01-05T14:08:40+00:00\" \/>\n<meta property=\"og:image\" content=\"https:\/\/belowzerorental.com\/wp-content\/uploads\/2022\/01\/motoneige.jpg\" \/>\n\t<meta property=\"og:image:width\" content=\"600\" \/>\n\t<meta property=\"og:image:height\" content=\"900\" \/>\n\t<meta property=\"og:image:type\" content=\"image\/jpeg\" \/>\n<meta name=\"twitter:card\" content=\"summary_large_image\" \/>\n<meta name=\"twitter:title\" content=\"Location de motoneige - Below Zero Rentals\" \/>\n<meta name=\"twitter:description\" content=\"Consultez la liste de nos meilleures motoneiges en location pour profiter de l\u2019hiver \u00e0 Tremblant. Contactez-nous !\" \/>\n<meta name=\"twitter:image\" content=\"https:\/\/belowzerorental.com\/wp-content\/uploads\/2022\/01\/motoneige.jpg\" \/>\n<meta name=\"twitter:label1\" content=\"Estimation du temps de lecture\" \/>\n\t<meta name=\"twitter:data1\" content=\"2 minutes\" \/>\n<script type=\"application\/ld+json\" class=\"yoast-schema-graph\">{\"@context\":\"https:\/\/schema.org\",\"@graph\":[{\"@type\":\"WebPage\",\"@id\":\"https:\/\/belowzerorental.com\/fr\/motoneiges\/\",\"url\":\"https:\/\/belowzerorental.com\/fr\/motoneiges\/\",\"name\":\"Location de motoneige - Below Zero Rentals\",\"isPartOf\":{\"@id\":\"https:\/\/belowzerorental.com\/#website\"},\"datePublished\":\"2022-01-03T18:18:30+00:00\",\"dateModified\":\"2024-01-05T14:08:40+00:00\",\"description\":\"Consultez la liste de nos meilleures motoneiges en location pour profiter de l\u2019hiver \u00e0 Tremblant. Contactez-nous !\",\"inLanguage\":\"fr-CA\",\"potentialAction\":[{\"@type\":\"ReadAction\",\"target\":[\"https:\/\/belowzerorental.com\/fr\/motoneiges\/\"]}]},{\"@type\":\"WebSite\",\"@id\":\"https:\/\/belowzerorental.com\/#website\",\"url\":\"https:\/\/belowzerorental.com\/\",\"name\":\"Below Zero Rentals\",\"description\":\"Mont Tremblant Ski &amp; Snowboard Equipment Rentals\",\"potentialAction\":[{\"@type\":\"SearchAction\",\"target\":{\"@type\":\"EntryPoint\",\"urlTemplate\":\"https:\/\/belowzerorental.com\/?s={search_term_string}\"},\"query-input\":{\"@type\":\"PropertyValueSpecification\",\"valueRequired\":true,\"valueName\":\"search_term_string\"}}],\"inLanguage\":\"fr-CA\"}]}<\/script>\n<!-- \/ Yoast SEO plugin. -->","yoast_head_json":{"title":"Location de motoneige - Below Zero Rentals","description":"Consultez la liste de nos meilleures motoneiges en location pour profiter de l\u2019hiver \u00e0 Tremblant. Contactez-nous !","robots":{"index":"index","follow":"follow","max-snippet":"max-snippet:-1","max-image-preview":"max-image-preview:large","max-video-preview":"max-video-preview:-1"},"canonical":"https:\/\/belowzerorental.com\/fr\/motoneiges\/","og_locale":"fr_CA","og_type":"article","og_title":"Location de motoneige - Below Zero Rentals","og_description":"Consultez la liste de nos meilleures motoneiges en location pour profiter de l\u2019hiver \u00e0 Tremblant. Contactez-nous !","og_url":"https:\/\/belowzerorental.com\/fr\/motoneiges\/","og_site_name":"Below Zero Rentals","article_modified_time":"2024-01-05T14:08:40+00:00","og_image":[{"width":600,"height":900,"url":"https:\/\/belowzerorental.com\/wp-content\/uploads\/2022\/01\/motoneige.jpg","type":"image\/jpeg"}],"twitter_card":"summary_large_image","twitter_title":"Location de motoneige - Below Zero Rentals","twitter_description":"Consultez la liste de nos meilleures motoneiges en location pour profiter de l\u2019hiver \u00e0 Tremblant. Contactez-nous !","twitter_image":"https:\/\/belowzerorental.com\/wp-content\/uploads\/2022\/01\/motoneige.jpg","twitter_misc":{"Estimation du temps de lecture":"2 minutes"},"schema":{"@context":"https:\/\/schema.org","@graph":[{"@type":"WebPage","@id":"https:\/\/belowzerorental.com\/fr\/motoneiges\/","url":"https:\/\/belowzerorental.com\/fr\/motoneiges\/","name":"Location de motoneige - Below Zero Rentals","isPartOf":{"@id":"https:\/\/belowzerorental.com\/#website"},"datePublished":"2022-01-03T18:18:30+00:00","dateModified":"2024-01-05T14:08:40+00:00","description":"Consultez la liste de nos meilleures motoneiges en location pour profiter de l\u2019hiver \u00e0 Tremblant. Contactez-nous !","inLanguage":"fr-CA","potentialAction":[{"@type":"ReadAction","target":["https:\/\/belowzerorental.com\/fr\/motoneiges\/"]}]},{"@type":"WebSite","@id":"https:\/\/belowzerorental.com\/#website","url":"https:\/\/belowzerorental.com\/","name":"Below Zero Rentals","description":"Mont Tremblant Ski &amp; Snowboard Equipment Rentals","potentialAction":[{"@type":"SearchAction","target":{"@type":"EntryPoint","urlTemplate":"https:\/\/belowzerorental.com\/?s={search_term_string}"},"query-input":{"@type":"PropertyValueSpecification","valueRequired":true,"valueName":"search_term_string"}}],"inLanguage":"fr-CA"}]}},"_links":{"self":[{"href":"https:\/\/belowzerorental.com\/fr\/wp-json\/wp\/v2\/pages\/23355","targetHints":{"allow":["GET"]}}],"collection":[{"href":"https:\/\/belowzerorental.com\/fr\/wp-json\/wp\/v2\/pages"}],"about":[{"href":"https:\/\/belowzerorental.com\/fr\/wp-json\/wp\/v2\/types\/page"}],"author":[{"embeddable":true,"href":"https:\/\/belowzerorental.com\/fr\/wp-json\/wp\/v2\/users\/4"}],"replies":[{"embeddable":true,"href":"https:\/\/belowzerorental.com\/fr\/wp-json\/wp\/v2\/comments?post=23355"}],"version-history":[{"count":11,"href":"https:\/\/belowzerorental.com\/fr\/wp-json\/wp\/v2\/pages\/23355\/revisions"}],"predecessor-version":[{"id":30409,"href":"https:\/\/belowzerorental.com\/fr\/wp-json\/wp\/v2\/pages\/23355\/revisions\/30409"}],"wp:attachment":[{"href":"https:\/\/belowzerorental.com\/fr\/wp-json\/wp\/v2\/media?parent=23355"}],"curies":[{"name":"wp","href":"https:\/\/api.w.org\/{rel}","templated":true}]}}