{"id":23488,"date":"2022-01-18T11:09:05","date_gmt":"2022-01-18T16:09:05","guid":{"rendered":"https:\/\/belowzerorental.com\/accessories\/"},"modified":"2023-11-21T15:23:27","modified_gmt":"2023-11-21T20:23:27","slug":"accessoires","status":"publish","type":"page","link":"https:\/\/belowzerorental.com\/fr\/accessoires\/","title":{"rendered":"Accessoires"},"content":{"rendered":"<section class=\"wpb-content-wrapper\"><p>[vc_row][vc_column][vc_column_text]D\u00e9couvrez nos<strong> accessoires de montagne<\/strong> disponibles \u00e0 l&rsquo;achat, incluant des tuques, des cache-cous et des chaufferettes. Tous les \u00e9l\u00e9ments essentiels pour vous garantir confort et chaleur afin de profiter pleinement de votre journ\u00e9e en montagne![\/vc_column_text][\/vc_column][\/vc_row][vc_row css=\u00a0\u00bb.vc_custom_1691495092837{margin-top: 70px !important;}\u00a0\u00bb][vc_column width=\u00a0\u00bb1\/4&Prime;][vc_single_image image=\u00a0\u00bb23462&Prime; img_size=\u00a0\u00bbfull\u00a0\u00bb onclick=\u00a0\u00bbcustom_link\u00a0\u00bb link=\u00a0\u00bbhttps:\/\/fareharbor.com\/embeds\/book\/belowzerorental\/items\/506126\/?full-items=yes&amp;flow=no\u00a0\u00bb][vc_column_text]<\/p>\n<h4 class=\"eltdf-product-list-title\" style=\"text-align: center; margin-bottom: 0;\"><a href=\"https:\/\/fareharbor.com\/embeds\/book\/belowzerorental\/items\/506126\/?full-items=yes&amp;flow=no\">Tuque Koll \/ SkiLab<\/a><\/h4>\n<p style=\"text-align: center; margin-top: 0px; margin-bottom: 10px;\">29.99$<\/p>\n<p>[\/vc_column_text][\/vc_column][vc_column width=\u00a0\u00bb1\/4&Prime;][vc_single_image image=\u00a0\u00bb23460&Prime; img_size=\u00a0\u00bbfull\u00a0\u00bb onclick=\u00a0\u00bbcustom_link\u00a0\u00bb link=\u00a0\u00bbhttps:\/\/fareharbor.com\/embeds\/book\/belowzerorental\/items\/506126\/?full-items=yes&amp;flow=no\u00a0\u00bb][vc_column_text]<\/p>\n<h4 class=\"eltdf-product-list-title\" style=\"text-align: center; margin-bottom: 0;\"><a href=\"https:\/\/fareharbor.com\/embeds\/book\/belowzerorental\/items\/506126\/?full-items=yes&amp;flow=no\">Koll cache cou<\/a><\/h4>\n<p style=\"text-align: center; margin-top: 0px; margin-bottom: 10px;\">29.99$<\/p>\n<p>[\/vc_column_text][\/vc_column][vc_column width=\u00a0\u00bb1\/4&Prime;][vc_single_image image=\u00a0\u00bb23454&Prime; img_size=\u00a0\u00bbfull\u00a0\u00bb onclick=\u00a0\u00bbcustom_link\u00a0\u00bb link=\u00a0\u00bbhttps:\/\/fareharbor.com\/embeds\/book\/belowzerorental\/items\/506126\/?full-items=yes&amp;flow=no\u00a0\u00bb][vc_column_text]<\/p>\n<h4 class=\"eltdf-product-list-title\" style=\"text-align: center; margin-bottom: 0;\"><a href=\"https:\/\/fareharbor.com\/embeds\/book\/belowzerorental\/items\/506126\/?full-items=yes&amp;flow=no\">Chauffe mains<\/a><\/h4>\n<p style=\"text-align: center; margin-top: 0px; margin-bottom: 10px;\">3.99$<\/p>\n<p>[\/vc_column_text][\/vc_column][vc_column width=\u00a0\u00bb1\/4&Prime;][vc_single_image image=\u00a0\u00bb23456&Prime; img_size=\u00a0\u00bbfull\u00a0\u00bb onclick=\u00a0\u00bbcustom_link\u00a0\u00bb link=\u00a0\u00bbhttps:\/\/fareharbor.com\/embeds\/book\/belowzerorental\/items\/506126\/?full-items=yes&amp;flow=no\u00a0\u00bb][vc_column_text]<\/p>\n<h4 class=\"eltdf-product-list-title\" style=\"text-align: center; margin-bottom: 0;\"><a href=\"https:\/\/fareharbor.com\/embeds\/book\/belowzerorental\/items\/506126\/?full-items=yes&amp;flow=no\">Chauffe pieds<\/a><\/h4>\n<p style=\"text-align: center; margin-top: 0px; margin-bottom: 10px;\">3.99$<\/p>\n<p>[\/vc_column_text][\/vc_column][\/vc_row]<\/p>\n<\/section>","protected":false},"excerpt":{"rendered":"<p>[vc_row][vc_column][vc_column_text]D\u00e9couvrez nos accessoires de montagne disponibles \u00e0 l&rsquo;achat, incluant des tuques, des cache-cous et des chaufferettes. Tous les \u00e9l\u00e9ments essentiels pour vous garantir confort et chaleur afin de profiter pleinement de votre journ\u00e9e en montagne![\/vc_column_text][\/vc_column][\/vc_row][vc_row css=\u00a0\u00bb.vc_custom_1691495092837{margin-top: 70px !important;}\u00a0\u00bb][vc_column width=\u00a0\u00bb1\/4&Prime;][vc_single_image image=\u00a0\u00bb23462&Prime; [&hellip;]<\/p>\n","protected":false},"author":4,"featured_media":0,"parent":0,"menu_order":0,"comment_status":"closed","ping_status":"closed","template":"","meta":{"_acf_changed":false,"footnotes":""},"class_list":["post-23488","page","type-page","status-publish","hentry"],"acf":[],"yoast_head":"<!-- This site is optimized with the Yoast SEO plugin v24.4 - https:\/\/yoast.com\/wordpress\/plugins\/seo\/ -->\n<title>Accessoires de ski et snowboard - Below Zero Rentals<\/title>\n<meta name=\"description\" content=\"Achetez des accessoires de ski et snowboard de haute qualit\u00e9 pour vos activit\u00e9s hivernales. Visitez notre boutique \u00e0 Mont-Tremblant.\" \/>\n<meta name=\"robots\" content=\"index, follow, max-snippet:-1, max-image-preview:large, max-video-preview:-1\" \/>\n<link rel=\"canonical\" href=\"https:\/\/belowzerorental.com\/fr\/accessoires\/\" \/>\n<meta property=\"og:locale\" content=\"fr_CA\" \/>\n<meta property=\"og:type\" content=\"article\" \/>\n<meta property=\"og:title\" content=\"Accessoires de ski et snowboard- Below Zero Rentals\" \/>\n<meta property=\"og:description\" content=\"Achat d\u2019accessoires de ski et snowboard de haute qualit\u00e9 pour vos activit\u00e9s hivernales. Visitez notre boutique \u00e0 Mont-Tremblant.\" \/>\n<meta property=\"og:url\" content=\"https:\/\/belowzerorental.com\/fr\/accessoires\/\" \/>\n<meta property=\"og:site_name\" content=\"Below Zero Rentals\" \/>\n<meta property=\"article:modified_time\" content=\"2023-11-21T20:23:27+00:00\" \/>\n<meta property=\"og:image\" content=\"https:\/\/belowzerorental.com\/wp-content\/uploads\/2022\/01\/kollgrisfonce_GRISF.jpg\" \/>\n\t<meta property=\"og:image:width\" content=\"700\" \/>\n\t<meta property=\"og:image:height\" content=\"700\" \/>\n\t<meta property=\"og:image:type\" content=\"image\/jpeg\" \/>\n<meta name=\"twitter:card\" content=\"summary_large_image\" \/>\n<meta name=\"twitter:title\" content=\"Accessoires de ski et snowboard- Below Zero Rentals\" \/>\n<meta name=\"twitter:description\" content=\"Achat d\u2019accessoires de ski et snowboard de haute qualit\u00e9 pour vos activit\u00e9s hivernales. Visitez notre boutique \u00e0 Mont-Tremblant.\" \/>\n<meta name=\"twitter:image\" content=\"https:\/\/belowzerorental.com\/wp-content\/uploads\/2022\/01\/kollgrisfonce_GRISF.jpg\" \/>\n<meta name=\"twitter:label1\" content=\"Estimation du temps de lecture\" \/>\n\t<meta name=\"twitter:data1\" content=\"1 minute\" \/>\n<script type=\"application\/ld+json\" class=\"yoast-schema-graph\">{\"@context\":\"https:\/\/schema.org\",\"@graph\":[{\"@type\":\"WebPage\",\"@id\":\"https:\/\/belowzerorental.com\/fr\/accessoires\/\",\"url\":\"https:\/\/belowzerorental.com\/fr\/accessoires\/\",\"name\":\"Accessoires de ski et snowboard - Below Zero Rentals\",\"isPartOf\":{\"@id\":\"https:\/\/belowzerorental.com\/#website\"},\"datePublished\":\"2022-01-18T16:09:05+00:00\",\"dateModified\":\"2023-11-21T20:23:27+00:00\",\"description\":\"Achetez des accessoires de ski et snowboard de haute qualit\u00e9 pour vos activit\u00e9s hivernales. Visitez notre boutique \u00e0 Mont-Tremblant.\",\"inLanguage\":\"fr-CA\",\"potentialAction\":[{\"@type\":\"ReadAction\",\"target\":[\"https:\/\/belowzerorental.com\/fr\/accessoires\/\"]}]},{\"@type\":\"WebSite\",\"@id\":\"https:\/\/belowzerorental.com\/#website\",\"url\":\"https:\/\/belowzerorental.com\/\",\"name\":\"Below Zero Rentals\",\"description\":\"Mont Tremblant Ski &amp; Snowboard Equipment Rentals\",\"potentialAction\":[{\"@type\":\"SearchAction\",\"target\":{\"@type\":\"EntryPoint\",\"urlTemplate\":\"https:\/\/belowzerorental.com\/?s={search_term_string}\"},\"query-input\":{\"@type\":\"PropertyValueSpecification\",\"valueRequired\":true,\"valueName\":\"search_term_string\"}}],\"inLanguage\":\"fr-CA\"}]}<\/script>\n<!-- \/ Yoast SEO plugin. -->","yoast_head_json":{"title":"Accessoires de ski et snowboard - Below Zero Rentals","description":"Achetez des accessoires de ski et snowboard de haute qualit\u00e9 pour vos activit\u00e9s hivernales. Visitez notre boutique \u00e0 Mont-Tremblant.","robots":{"index":"index","follow":"follow","max-snippet":"max-snippet:-1","max-image-preview":"max-image-preview:large","max-video-preview":"max-video-preview:-1"},"canonical":"https:\/\/belowzerorental.com\/fr\/accessoires\/","og_locale":"fr_CA","og_type":"article","og_title":"Accessoires de ski et snowboard- Below Zero Rentals","og_description":"Achat d\u2019accessoires de ski et snowboard de haute qualit\u00e9 pour vos activit\u00e9s hivernales. Visitez notre boutique \u00e0 Mont-Tremblant.","og_url":"https:\/\/belowzerorental.com\/fr\/accessoires\/","og_site_name":"Below Zero Rentals","article_modified_time":"2023-11-21T20:23:27+00:00","og_image":[{"width":700,"height":700,"url":"https:\/\/belowzerorental.com\/wp-content\/uploads\/2022\/01\/kollgrisfonce_GRISF.jpg","type":"image\/jpeg"}],"twitter_card":"summary_large_image","twitter_title":"Accessoires de ski et snowboard- Below Zero Rentals","twitter_description":"Achat d\u2019accessoires de ski et snowboard de haute qualit\u00e9 pour vos activit\u00e9s hivernales. Visitez notre boutique \u00e0 Mont-Tremblant.","twitter_image":"https:\/\/belowzerorental.com\/wp-content\/uploads\/2022\/01\/kollgrisfonce_GRISF.jpg","twitter_misc":{"Estimation du temps de lecture":"1 minute"},"schema":{"@context":"https:\/\/schema.org","@graph":[{"@type":"WebPage","@id":"https:\/\/belowzerorental.com\/fr\/accessoires\/","url":"https:\/\/belowzerorental.com\/fr\/accessoires\/","name":"Accessoires de ski et snowboard - Below Zero Rentals","isPartOf":{"@id":"https:\/\/belowzerorental.com\/#website"},"datePublished":"2022-01-18T16:09:05+00:00","dateModified":"2023-11-21T20:23:27+00:00","description":"Achetez des accessoires de ski et snowboard de haute qualit\u00e9 pour vos activit\u00e9s hivernales. Visitez notre boutique \u00e0 Mont-Tremblant.","inLanguage":"fr-CA","potentialAction":[{"@type":"ReadAction","target":["https:\/\/belowzerorental.com\/fr\/accessoires\/"]}]},{"@type":"WebSite","@id":"https:\/\/belowzerorental.com\/#website","url":"https:\/\/belowzerorental.com\/","name":"Below Zero Rentals","description":"Mont Tremblant Ski &amp; Snowboard Equipment Rentals","potentialAction":[{"@type":"SearchAction","target":{"@type":"EntryPoint","urlTemplate":"https:\/\/belowzerorental.com\/?s={search_term_string}"},"query-input":{"@type":"PropertyValueSpecification","valueRequired":true,"valueName":"search_term_string"}}],"inLanguage":"fr-CA"}]}},"_links":{"self":[{"href":"https:\/\/belowzerorental.com\/fr\/wp-json\/wp\/v2\/pages\/23488","targetHints":{"allow":["GET"]}}],"collection":[{"href":"https:\/\/belowzerorental.com\/fr\/wp-json\/wp\/v2\/pages"}],"about":[{"href":"https:\/\/belowzerorental.com\/fr\/wp-json\/wp\/v2\/types\/page"}],"author":[{"embeddable":true,"href":"https:\/\/belowzerorental.com\/fr\/wp-json\/wp\/v2\/users\/4"}],"replies":[{"embeddable":true,"href":"https:\/\/belowzerorental.com\/fr\/wp-json\/wp\/v2\/comments?post=23488"}],"version-history":[{"count":8,"href":"https:\/\/belowzerorental.com\/fr\/wp-json\/wp\/v2\/pages\/23488\/revisions"}],"predecessor-version":[{"id":30335,"href":"https:\/\/belowzerorental.com\/fr\/wp-json\/wp\/v2\/pages\/23488\/revisions\/30335"}],"wp:attachment":[{"href":"https:\/\/belowzerorental.com\/fr\/wp-json\/wp\/v2\/media?parent=23488"}],"curies":[{"name":"wp","href":"https:\/\/api.w.org\/{rel}","templated":true}]}}