{"id":25151,"date":"2023-01-08T03:09:35","date_gmt":"2023-01-08T08:09:35","guid":{"rendered":"https:\/\/belowzerorental.com\/?page_id=25151"},"modified":"2025-01-08T04:08:22","modified_gmt":"2025-01-08T09:08:22","slug":"location-fatbike-electrique","status":"publish","type":"page","link":"https:\/\/belowzerorental.com\/fr\/location-fatbike-electrique\/","title":{"rendered":"Location de fatbike \u00e9lectrique \u00e0 Tremblant"},"content":{"rendered":"<section class=\"wpb-content-wrapper\"><p>[vc_row][vc_column][vc_column_text]<\/p>\n<h2>Faites votre <strong>r\u00e9servation de votre v\u00e9lo \u00e9lectrique en ligne d\u00e8s maintenant<\/strong> pour la saison hivernale!<\/h2>\n<p class=\"-important\" style=\"display: none;\">Un grand merci \u00e0 nos clients pour la saison hivernale!<br \/>\nPour d\u00e9couvrir notre <a href=\"https:\/\/belowzerorental.com\/fr\/locations-de-velo-electrique\/\">s\u00e9lection de v\u00e9los pour l&rsquo;\u00e9t\u00e9, cliquez ici.<\/a><\/p>\n<p><em>Below zero<\/em> offre le service <span style=\"font-weight: 400;\">de <\/span><b>location de fatbike \u00e9lectrique\u00a0 <\/b><span style=\"font-weight: 400;\">et de v\u00e9los \u00e9lectriques<\/span> dans les Laurentides, dans le village de Mont-Tremblant. Nous sommes situ\u00e9s \u00e0 2 min de la piste cyclable le<em> P\u2019tit Train du Nord<\/em> et 7 min de la <em>Station Mont-Tremblant<\/em>. Below zero est une excellente alternative pour d\u00e9couvrir le fabuleux paysage de <em>Mont-Tremblant<\/em>.<\/p>\n<p><em>Mont-Tremblant<\/em> poss\u00e8de <strong>de nombreuses pistes cyclables hivernales <\/strong>(dont le c\u00e9l\u00e8bre P\u2019tit Train du Nord) et constitue un endroit id\u00e9al \u00e0 explorer \u00e0 v\u00e9lo. Nous avons \u00e9galement plusieurs <strong>pistes de Fatbike<\/strong> pr\u00e8s de notre boutique de location. Vous pouvez t\u00e9l\u00e9charger toutes les cartes des pistes cyclables et de randonn\u00e9e avec l\u2019application <a href=\"https:\/\/igloocreations.com\/fr\/telechargez\/\" target=\"_blank\" rel=\"noopener\">Ondago<\/a>.[\/vc_column_text][vc_empty_space][\/vc_column][\/vc_row][vc_row full_width=\u00a0\u00bbstretch_row\u00a0\u00bb disable_background_image=\u00a0\u00bb\u00a0\u00bb simple_background_image=\u00a0\u00bb25336&Prime; el_class=\u00a0\u00bbbanniereWidth\u00a0\u00bb][vc_column width=\u00a0\u00bb1\/2&Prime;][\/vc_column][vc_column width=\u00a0\u00bb1\/2&Prime;][vc_column_text css=\u00a0\u00bb.vc_custom_1705398174810{margin-top: 90px !important;margin-bottom: 90px !important;}\u00a0\u00bb]<\/p>\n<h3>VIVEZ UNE EXP\u00c9RIENCE \u00c9LECTRISANTE!<\/h3>\n<p>En choisissant <em>Below Zero<\/em> pour votre aventure en fatbike \u00e9lectrique, vous optez pour bien plus qu&rsquo;une simple sortie. Vous choisissez de vivre une exp\u00e9rience qui allie sport, d\u00e9couverte et connexion avec la nature. Profitez des 234 km de pistes du<em> P\u2019tit train du Nord<\/em>, offrant des parcours adapt\u00e9s \u00e0 tous les niveaux! C&rsquo;est une fa\u00e7on unique de s&rsquo;immerger dans la beaut\u00e9 tranquille de <em>Mont-Tremblant<\/em>, une exp\u00e9rience qui restera grav\u00e9e dans votre m\u00e9moire.[\/vc_column_text][\/vc_column][\/vc_row][vc_row][vc_column][vc_empty_space][vc_column_text]<\/p>\n<h3 style=\"font-size: 22px;\"><strong>LOCATION DE E-FATBIKE<\/strong><\/h3>\n<p>[\/vc_column_text][vc_row_inner][vc_column_inner width=\u00a0\u00bb1\/4&Prime;][vc_single_image image=\u00a0\u00bb25333&Prime; img_size=\u00a0\u00bbfull\u00a0\u00bb onclick=\u00a0\u00bbcustom_link\u00a0\u00bb img_link_target=\u00a0\u00bb_blank\u00a0\u00bb link=\u00a0\u00bbhttps:\/\/fareharbor.com\/embeds\/book\/belowzerorental\/items\/496958?flow=no\u00a0\u00bb][vc_column_text]<\/p>\n<h4 class=\"eltdf-product-list-title\" style=\"text-align: center; margin-bottom: 0;\"><a href=\"https:\/\/fareharbor.com\/embeds\/book\/belowzerorental\/items\/496958?flow=no\"><strong>EFatbike<\/strong><\/a><\/h4>\n<p style=\"text-align: center; margin-top: 0px; margin-bottom: 10px;\">2h \u2013 80,00$<\/p>\n<p>[\/vc_column_text][\/vc_column_inner][\/vc_row_inner][vc_column_text css=\u00a0\u00bb.vc_custom_1705367538521{margin-top: 90px !important;}\u00a0\u00bb el_class=\u00a0\u00bbsmalltxt\u00a0\u00bb]<span style=\"color: #f95738;\">Tous les participants doivent \u00eatre \u00e2g\u00e9s de 14 ans et plus, et \u00eatre de taille sup\u00e9rieure \u00e0 5\u2032 pieds (152 cm).<\/span>[\/vc_column_text][vc_column_text el_class=\u00a0\u00bbsmalltxt\u00a0\u00bb]<\/p>\n<h6><strong>PROFITEZ DE L\u2019HIVER \u00c0 V\u00c9LO<\/strong><\/h6>\n<p>Notre flotte de fatbikes \u00e9lectriques poss\u00e8de des batteries performantes offrant une <strong>autonomie largement suffisante<\/strong> pour un voyage hivernal de deux heures.<\/p>\n<h6><strong>Qu\u2019est-ce qui est inclus?<\/strong><\/h6>\n<p>Chez <em>Below Zero<\/em>, nous nous engageons \u00e0 offrir une exp\u00e9rience compl\u00e8te, de qualit\u00e9 et s\u00e9curitaire pour chaque cycliste. Avec votre e-fatbike, un casque de protection vous sera fourni.<br \/>\nNous vous recommandons de r\u00e9server d\u2019avance en ligne votre v\u00e9lo \u00e0 assistance \u00e9lectrique pour vous assurer de sa disponibilit\u00e9 lors de votre s\u00e9jour \u00e0 Mont-Tremblant.<\/p>\n<h6><strong>Politique d&rsquo;annulation<\/strong><\/h6>\n<p>Vous avez la possibilit\u00e9 d&rsquo;annuler votre r\u00e9servation sans frais, en nous contactant dans une p\u00e9riode de moins de 36 heures avant l&rsquo;heure pr\u00e9vue de votre r\u00e9servation.<br \/>\nVotre r\u00e9servation sera rembours\u00e9e \u00e0 50% si vous annulez entre 24 et 36 heures avant l&rsquo;heure pr\u00e9vue de votre r\u00e9servation.<br \/>\nAucun remboursement ne sera \u00e9mis si vous annulez la location moins de 24h avant l&rsquo;heure pr\u00e9vue de votre r\u00e9servation.<br \/>\nL\u2019annulation est gratuite en cas de pluie \u00e0 Tremblant.<\/p>\n<h6><strong>HABILLEMENT EN SAISON HIVERNALE<\/strong><\/h6>\n<p>Pour bien profiter de votre location de fatbike \u00e9lectrique \u00e0 Tremblant, nous vous conseillons de porter plusieurs couches de v\u00eatements.<br \/>\nNous vous recommandons d\u2019avoir d\u2019abord une couche de base respirante pour \u00e9vacuer l&rsquo;humidit\u00e9 et par-dessus, une couche isolante pour retenir la chaleur. Enfin, ajoutez une couche externe r\u00e9sistante au vent et \u00e0 l&rsquo;eau, pour vous prot\u00e9ger des intemp\u00e9ries. N&rsquo;oubliez pas non plus vos mitaines, une tuque sous le casque et des chaussettes thermiques pour garder vos extr\u00e9mit\u00e9s bien au chaud, afin de profiter au maximum de votre sortie![\/vc_column_text][\/vc_column][\/vc_row]<\/p>\n<\/section>","protected":false},"excerpt":{"rendered":"<p>[vc_row][vc_column][vc_column_text] Faites votre r\u00e9servation de votre v\u00e9lo \u00e9lectrique en ligne d\u00e8s maintenant pour la saison hivernale! Un grand merci \u00e0 nos clients pour la saison hivernale! Pour d\u00e9couvrir notre s\u00e9lection de v\u00e9los pour l&rsquo;\u00e9t\u00e9, cliquez ici. Below zero offre le [&hellip;]<\/p>\n","protected":false},"author":215,"featured_media":30100,"parent":0,"menu_order":0,"comment_status":"closed","ping_status":"closed","template":"","meta":{"_acf_changed":false,"footnotes":""},"class_list":["post-25151","page","type-page","status-publish","has-post-thumbnail","hentry"],"acf":[],"yoast_head":"<!-- This site is optimized with the Yoast SEO plugin v24.4 - https:\/\/yoast.com\/wordpress\/plugins\/seo\/ -->\n<title>Location de Fatbike Mont Tremblant - Below Zero Location v\u00e9lo<\/title>\n<meta name=\"description\" content=\"Location de Fatbike \u00e9lectrique \u00e0 Mont-Tremblant dans les Laurentides \u00e0 2 min du P&#039;tit Train du Nord. R\u00e9servez votre v\u00e9lo \u00e9lectrique en ligne ou sur place.\" \/>\n<meta name=\"robots\" content=\"index, follow, max-snippet:-1, max-image-preview:large, max-video-preview:-1\" \/>\n<link rel=\"canonical\" href=\"https:\/\/belowzerorental.com\/fr\/location-fatbike-electrique\/\" \/>\n<meta property=\"og:locale\" content=\"fr_CA\" \/>\n<meta property=\"og:type\" content=\"article\" \/>\n<meta property=\"og:title\" content=\"Location de Fatbike Mont Tremblant - Below Zero Location v\u00e9lo\" \/>\n<meta property=\"og:description\" content=\"Location de Fatbike \u00e9lectrique \u00e0 Mont-Tremblant dans les Laurentides \u00e0 2 min du P&#039;tit Train du Nord. R\u00e9servez votre v\u00e9lo \u00e9lectrique en ligne ou sur place.\" \/>\n<meta property=\"og:url\" content=\"https:\/\/belowzerorental.com\/fr\/location-fatbike-electrique\/\" \/>\n<meta property=\"og:site_name\" content=\"Below Zero Rentals\" \/>\n<meta property=\"article:modified_time\" content=\"2025-01-08T09:08:22+00:00\" \/>\n<meta property=\"og:image\" content=\"https:\/\/belowzerorental.com\/wp-content\/uploads\/2023\/01\/IMG_093321.jpg\" \/>\n\t<meta property=\"og:image:width\" content=\"800\" \/>\n\t<meta property=\"og:image:height\" content=\"529\" \/>\n\t<meta property=\"og:image:type\" content=\"image\/jpeg\" \/>\n<meta name=\"twitter:card\" content=\"summary_large_image\" \/>\n<meta name=\"twitter:title\" content=\"Location de Fatbike Mont Tremblant - Below Zero Location v\u00e9lo\" \/>\n<meta name=\"twitter:description\" content=\"Location de Fatbike \u00e9lectrique \u00e0 Mont-Tremblant dans les Laurentides \u00e0 2 min du P&#039;tit Train du Nord. R\u00e9servez votre v\u00e9lo \u00e9lectrique en ligne ou sur place.\" \/>\n<meta name=\"twitter:image\" content=\"https:\/\/belowzerorental.com\/wp-content\/uploads\/2023\/01\/IMG_093321.jpg\" \/>\n<meta name=\"twitter:label1\" content=\"Estimation du temps de lecture\" \/>\n\t<meta name=\"twitter:data1\" content=\"4 minutes\" \/>\n<script type=\"application\/ld+json\" class=\"yoast-schema-graph\">{\"@context\":\"https:\/\/schema.org\",\"@graph\":[{\"@type\":\"WebPage\",\"@id\":\"https:\/\/belowzerorental.com\/fr\/location-fatbike-electrique\/\",\"url\":\"https:\/\/belowzerorental.com\/fr\/location-fatbike-electrique\/\",\"name\":\"Location de Fatbike Mont Tremblant - Below Zero Location v\u00e9lo\",\"isPartOf\":{\"@id\":\"https:\/\/belowzerorental.com\/#website\"},\"primaryImageOfPage\":{\"@id\":\"https:\/\/belowzerorental.com\/fr\/location-fatbike-electrique\/#primaryimage\"},\"image\":{\"@id\":\"https:\/\/belowzerorental.com\/fr\/location-fatbike-electrique\/#primaryimage\"},\"thumbnailUrl\":\"https:\/\/belowzerorental.com\/wp-content\/uploads\/2023\/09\/Villagoise.jpg\",\"datePublished\":\"2023-01-08T08:09:35+00:00\",\"dateModified\":\"2025-01-08T09:08:22+00:00\",\"description\":\"Location de Fatbike \u00e9lectrique \u00e0 Mont-Tremblant dans les Laurentides \u00e0 2 min du P'tit Train du Nord. R\u00e9servez votre v\u00e9lo \u00e9lectrique en ligne ou sur place.\",\"inLanguage\":\"fr-CA\",\"potentialAction\":[{\"@type\":\"ReadAction\",\"target\":[\"https:\/\/belowzerorental.com\/fr\/location-fatbike-electrique\/\"]}]},{\"@type\":\"ImageObject\",\"inLanguage\":\"fr-CA\",\"@id\":\"https:\/\/belowzerorental.com\/fr\/location-fatbike-electrique\/#primaryimage\",\"url\":\"https:\/\/belowzerorental.com\/wp-content\/uploads\/2023\/09\/Villagoise.jpg\",\"contentUrl\":\"https:\/\/belowzerorental.com\/wp-content\/uploads\/2023\/09\/Villagoise.jpg\",\"width\":900,\"height\":600},{\"@type\":\"WebSite\",\"@id\":\"https:\/\/belowzerorental.com\/#website\",\"url\":\"https:\/\/belowzerorental.com\/\",\"name\":\"Below Zero Rentals\",\"description\":\"Mont Tremblant Ski &amp; Snowboard Equipment Rentals\",\"potentialAction\":[{\"@type\":\"SearchAction\",\"target\":{\"@type\":\"EntryPoint\",\"urlTemplate\":\"https:\/\/belowzerorental.com\/?s={search_term_string}\"},\"query-input\":{\"@type\":\"PropertyValueSpecification\",\"valueRequired\":true,\"valueName\":\"search_term_string\"}}],\"inLanguage\":\"fr-CA\"}]}<\/script>\n<!-- \/ Yoast SEO plugin. -->","yoast_head_json":{"title":"Location de Fatbike Mont Tremblant - Below Zero Location v\u00e9lo","description":"Location de Fatbike \u00e9lectrique \u00e0 Mont-Tremblant dans les Laurentides \u00e0 2 min du P'tit Train du Nord. R\u00e9servez votre v\u00e9lo \u00e9lectrique en ligne ou sur place.","robots":{"index":"index","follow":"follow","max-snippet":"max-snippet:-1","max-image-preview":"max-image-preview:large","max-video-preview":"max-video-preview:-1"},"canonical":"https:\/\/belowzerorental.com\/fr\/location-fatbike-electrique\/","og_locale":"fr_CA","og_type":"article","og_title":"Location de Fatbike Mont Tremblant - Below Zero Location v\u00e9lo","og_description":"Location de Fatbike \u00e9lectrique \u00e0 Mont-Tremblant dans les Laurentides \u00e0 2 min du P'tit Train du Nord. R\u00e9servez votre v\u00e9lo \u00e9lectrique en ligne ou sur place.","og_url":"https:\/\/belowzerorental.com\/fr\/location-fatbike-electrique\/","og_site_name":"Below Zero Rentals","article_modified_time":"2025-01-08T09:08:22+00:00","og_image":[{"width":800,"height":529,"url":"https:\/\/belowzerorental.com\/wp-content\/uploads\/2023\/01\/IMG_093321.jpg","type":"image\/jpeg"}],"twitter_card":"summary_large_image","twitter_title":"Location de Fatbike Mont Tremblant - Below Zero Location v\u00e9lo","twitter_description":"Location de Fatbike \u00e9lectrique \u00e0 Mont-Tremblant dans les Laurentides \u00e0 2 min du P'tit Train du Nord. R\u00e9servez votre v\u00e9lo \u00e9lectrique en ligne ou sur place.","twitter_image":"https:\/\/belowzerorental.com\/wp-content\/uploads\/2023\/01\/IMG_093321.jpg","twitter_misc":{"Estimation du temps de lecture":"4 minutes"},"schema":{"@context":"https:\/\/schema.org","@graph":[{"@type":"WebPage","@id":"https:\/\/belowzerorental.com\/fr\/location-fatbike-electrique\/","url":"https:\/\/belowzerorental.com\/fr\/location-fatbike-electrique\/","name":"Location de Fatbike Mont Tremblant - Below Zero Location v\u00e9lo","isPartOf":{"@id":"https:\/\/belowzerorental.com\/#website"},"primaryImageOfPage":{"@id":"https:\/\/belowzerorental.com\/fr\/location-fatbike-electrique\/#primaryimage"},"image":{"@id":"https:\/\/belowzerorental.com\/fr\/location-fatbike-electrique\/#primaryimage"},"thumbnailUrl":"https:\/\/belowzerorental.com\/wp-content\/uploads\/2023\/09\/Villagoise.jpg","datePublished":"2023-01-08T08:09:35+00:00","dateModified":"2025-01-08T09:08:22+00:00","description":"Location de Fatbike \u00e9lectrique \u00e0 Mont-Tremblant dans les Laurentides \u00e0 2 min du P'tit Train du Nord. R\u00e9servez votre v\u00e9lo \u00e9lectrique en ligne ou sur place.","inLanguage":"fr-CA","potentialAction":[{"@type":"ReadAction","target":["https:\/\/belowzerorental.com\/fr\/location-fatbike-electrique\/"]}]},{"@type":"ImageObject","inLanguage":"fr-CA","@id":"https:\/\/belowzerorental.com\/fr\/location-fatbike-electrique\/#primaryimage","url":"https:\/\/belowzerorental.com\/wp-content\/uploads\/2023\/09\/Villagoise.jpg","contentUrl":"https:\/\/belowzerorental.com\/wp-content\/uploads\/2023\/09\/Villagoise.jpg","width":900,"height":600},{"@type":"WebSite","@id":"https:\/\/belowzerorental.com\/#website","url":"https:\/\/belowzerorental.com\/","name":"Below Zero Rentals","description":"Mont Tremblant Ski &amp; Snowboard Equipment Rentals","potentialAction":[{"@type":"SearchAction","target":{"@type":"EntryPoint","urlTemplate":"https:\/\/belowzerorental.com\/?s={search_term_string}"},"query-input":{"@type":"PropertyValueSpecification","valueRequired":true,"valueName":"search_term_string"}}],"inLanguage":"fr-CA"}]}},"_links":{"self":[{"href":"https:\/\/belowzerorental.com\/fr\/wp-json\/wp\/v2\/pages\/25151","targetHints":{"allow":["GET"]}}],"collection":[{"href":"https:\/\/belowzerorental.com\/fr\/wp-json\/wp\/v2\/pages"}],"about":[{"href":"https:\/\/belowzerorental.com\/fr\/wp-json\/wp\/v2\/types\/page"}],"author":[{"embeddable":true,"href":"https:\/\/belowzerorental.com\/fr\/wp-json\/wp\/v2\/users\/215"}],"replies":[{"embeddable":true,"href":"https:\/\/belowzerorental.com\/fr\/wp-json\/wp\/v2\/comments?post=25151"}],"version-history":[{"count":29,"href":"https:\/\/belowzerorental.com\/fr\/wp-json\/wp\/v2\/pages\/25151\/revisions"}],"predecessor-version":[{"id":30702,"href":"https:\/\/belowzerorental.com\/fr\/wp-json\/wp\/v2\/pages\/25151\/revisions\/30702"}],"wp:featuredmedia":[{"embeddable":true,"href":"https:\/\/belowzerorental.com\/fr\/wp-json\/wp\/v2\/media\/30100"}],"wp:attachment":[{"href":"https:\/\/belowzerorental.com\/fr\/wp-json\/wp\/v2\/media?parent=25151"}],"curies":[{"name":"wp","href":"https:\/\/api.w.org\/{rel}","templated":true}]}}