{"id":29259,"date":"2023-03-29T06:56:47","date_gmt":"2023-03-29T10:56:47","guid":{"rendered":"https:\/\/belowzerorental.com\/?page_id=29259"},"modified":"2024-06-21T15:27:59","modified_gmt":"2024-06-21T19:27:59","slug":"locations-de-velo-electrique","status":"publish","type":"page","link":"https:\/\/belowzerorental.com\/fr\/locations-de-velo-electrique\/","title":{"rendered":"Location de v\u00e9lo \u00e9lectrique \u00e0 Mont Tremblant"},"content":{"rendered":"<section class=\"wpb-content-wrapper\"><p>[vc_row el_class=\u00a0\u00bbpadding-slider padding-rangee-bas\u00a0\u00bb simple_background_color=\u00a0\u00bb#ffffff\u00a0\u00bb][vc_column][vc_column_text]<\/p>\n<h2>N\u2019attendez pas plus longtemps pour faire la <strong>r\u00e9servation<\/strong> de votre <strong>v\u00e9lo \u00e9lectrique<\/strong> en pr\u00e9vision de la saison estivale !<\/h2>\n<p>[\/vc_column_text][vc_empty_space height=\u00a0\u00bb15px\u00a0\u00bb][vc_empty_space height=\u00a0\u00bb15px\u00a0\u00bb][vc_row_inner][vc_column_inner width=\u00a0\u00bb1\/2&Prime;][vc_column_text]<\/p>\n<p><em>Below Zero Rental<\/em>, offre une gamme de v\u00e9los \u00e9lectriques disponibles en location. Dans les Laurentides, nous sommes situ\u00e9s dans le village de Mont-Tremblant. \u00c0 quelques minutes de la piste cyclable le P\u2019tit Train du Nord et \u00e0 seulement 7 minutes de la station Mont-Tremblant. La location de v\u00e9lo chez Below Z\u00e9ro est une alternative incroyable pour d\u00e9couvrir le d\u00e9cor qu\u2019offre Mont-Tremblant.<\/p>\n<p>[\/vc_column_text][\/vc_column_inner][vc_column_inner el_class=\u00a0\u00bbfull-width-col-ipad\u00a0\u00bb width=\u00a0\u00bb1\/2&Prime;][vc_column_text]Les options ne manquent pas pour d\u00e9couvrir la r\u00e9gion en v\u00e9lo, plusieurs pistes sont accessibles directement du magasin de location. Pour la planification de votre s\u00e9jour, r\u00e9servez votre v\u00e9lo \u00e9lectrique d\u2019avance afin de garantir la disponibilit\u00e9. Vous pouvez \u00e9galement t\u00e9l\u00e9charger toutes les cartes des pistes cyclables et de randonn\u00e9e dans l\u2019application <a href=\"https:\/\/igloocreations.com\/fr\/telechargez\/\" target=\"_blank\" rel=\"noopener\">Ondago<\/a>.[\/vc_column_text][\/vc_column_inner][\/vc_row_inner][vc_empty_space height=\u00a0\u00bb55px\u00a0\u00bb][vc_btn title=\u00a0\u00bbR\u00e9server maintenant\u00a0\u00bb style=\u00a0\u00bbflat\u00a0\u00bb shape=\u00a0\u00bbround\u00a0\u00bb color=\u00a0\u00bbwarning\u00a0\u00bb el_class=\u00a0\u00bbbouton-orange\u00a0\u00bb link=\u00a0\u00bburl:https%3A%2F%2Ffareharbor.com%2Fembeds%2Fbook%2Fbelowzerorental%2F%3Ffull-items%3Dyes%26flow%3D1150889|title:Contact|target:_blank\u00a0\u00bb][\/vc_column][\/vc_row][vc_row full_width=\u00a0\u00bbstretch_row\u00a0\u00bb disable_background_image=\u00a0\u00bb\u00a0\u00bb el_class=\u00a0\u00bbpadding-bande titre-bande\u00a0\u00bb css=\u00a0\u00bb.vc_custom_1680087452712{background-position: center !important;background-repeat: no-repeat !important;background-size: cover !important;}\u00a0\u00bb simple_background_image=\u00a0\u00bb29702&Prime;][vc_column width=\u00a0\u00bb1\/2&Prime;][\/vc_column][vc_column css_animation=\u00a0\u00bbfadeInRight\u00a0\u00bb width=\u00a0\u00bb1\/2&Prime;][vc_column_text]<\/p>\n<h3>R\u00c9SERVEZ VOTRE V\u00c9LO \u00c9LECTRIQUE EN LIGNE ET D\u00c9COUVREZ LES MAGNIFIQUES PAYSAGES DE TREMBLANT AUTREMENT!<\/h3>\n<p>[\/vc_column_text][vc_column_text]<em>Below Zero<\/em> offre le service de location de v\u00e9los \u00e9lectriques dans les Laurentides, dans le village de Mont-Tremblant. Les options ne manquent pas pour d\u00e9couvrir la r\u00e9gion en v\u00e9lo,<strong> plusieurs pistes<\/strong> sont accessibles <strong>directement du magasin<\/strong> de location. Notre \u00e9quipe de techniciens sp\u00e9cialis\u00e9s vous aideront \u00e0 choisir le v\u00e9lo le mieux adapt\u00e9 \u00e0 votre taille et \u00e0 votre type de sortie. Que vous pr\u00e9f\u00e9riez rouler sur le P\u2019tit Train du Nord \u00e0 votre rythme ou d\u00e9valer les pistes de v\u00e9lo de montagne, nous saurons vous conseiller.[\/vc_column_text][vc_empty_space height=\u00a0\u00bb55px\u00a0\u00bb][vc_btn title=\u00a0\u00bbR\u00e9server maintenant\u00a0\u00bb style=\u00a0\u00bboutline\u00a0\u00bb shape=\u00a0\u00bbround\u00a0\u00bb color=\u00a0\u00bbwarning\u00a0\u00bb el_class=\u00a0\u00bbbouton-orange\u00a0\u00bb link=\u00a0\u00bburl:https%3A%2F%2Ffareharbor.com%2Fembeds%2Fbook%2Fbelowzerorental%2F%3Ffull-items%3Dyes%26flow%3D1150889|title:Contact|target:_blank\u00a0\u00bb][\/vc_column][\/vc_row][vc_row el_class=\u00a0\u00bbpadding-rangee-haut\u00a0\u00bb][vc_column][vc_row_inner][vc_column_inner][vc_column_text]<\/p>\n<h2><b>Votre aventure en v\u00e9lo \u00e0 Tremblant commence ici!<\/b><\/h2>\n<p>[\/vc_column_text][vc_column_text]Parcourez d\u00e8s maintenant les v\u00e9los qui seront disponibles \u00e0 la location durant la p\u00e9riode estivale et planifiez votre activit\u00e9. Pour tirer pleinement parti de votre randonn\u00e9e \u00e0 v\u00e9lo \u00e9lectrique, notre flotte est \u00e9quip\u00e9e de batteries de haute qualit\u00e9, garantissant une<strong> excellente autonomie de 2 \u00e0 5 heures<\/strong>, selon le mode de puissance choisi.[\/vc_column_text][\/vc_column_inner][\/vc_row_inner][vc_empty_space height=\u00a0\u00bb55px\u00a0\u00bb][vc_row_inner][vc_column_inner width=\u00a0\u00bb1\/3&Prime;][vc_single_image image=\u00a0\u00bb30590&Prime; img_size=\u00a0\u00bbmedium\u00a0\u00bb alignment=\u00a0\u00bbcenter\u00a0\u00bb onclick=\u00a0\u00bbcustom_link\u00a0\u00bb link=\u00a0\u00bbhttps:\/\/fareharbor.com\/embeds\/book\/belowzerorental\/?full-items=yes&amp;flow=1150889&Prime;][vc_column_text]<\/p>\n<h5 style=\"text-align: center; font-weight: 900;\"><a href=\"https:\/\/fareharbor.com\/embeds\/book\/belowzerorental\/?full-items=yes&amp;flow=1150889\"><strong>V\u00e9lo E-hybrid<\/strong><\/a><\/h5>\n<p>[\/vc_column_text][vc_column_text]<\/p>\n<p style=\"text-align: center;\">2h &#8211; 60$<br \/>\n4h &#8211; 80$<br \/>\n8h &#8211; 95$<\/p>\n<p>[\/vc_column_text][\/vc_column_inner][vc_column_inner width=\u00a0\u00bb1\/3&Prime;][vc_single_image image=\u00a0\u00bb30592&Prime; img_size=\u00a0\u00bbmedium\u00a0\u00bb alignment=\u00a0\u00bbcenter\u00a0\u00bb onclick=\u00a0\u00bbcustom_link\u00a0\u00bb link=\u00a0\u00bbhttps:\/\/fareharbor.com\/embeds\/book\/belowzerorental\/?full-items=yes&amp;flow=1150889&Prime;][vc_column_text]<\/p>\n<h5 style=\"text-align: center; font-weight: 900;\"><a href=\"https:\/\/fareharbor.com\/embeds\/book\/belowzerorental\/?full-items=yes&amp;flow=1150889\"><strong>V\u00e9lo de montagne \u00c9lectrique<\/strong><\/a><\/h5>\n<p>[\/vc_column_text][vc_column_text]<\/p>\n<p style=\"text-align: center;\">2h &#8211; 80$<br \/>\n4h &#8211; 100$<br \/>\n8h &#8211; 120$<\/p>\n<p>[\/vc_column_text][\/vc_column_inner][vc_column_inner width=\u00a0\u00bb1\/3&Prime;][vc_single_image image=\u00a0\u00bb30594&Prime; img_size=\u00a0\u00bbmedium\u00a0\u00bb alignment=\u00a0\u00bbcenter\u00a0\u00bb onclick=\u00a0\u00bbcustom_link\u00a0\u00bb link=\u00a0\u00bbhttps:\/\/fareharbor.com\/embeds\/book\/belowzerorental\/?full-items=yes&amp;flow=1150889&Prime;][vc_column_text]<\/p>\n<h5 style=\"text-align: center; font-weight: 900;\"><a href=\"https:\/\/fareharbor.com\/embeds\/book\/belowzerorental\/?full-items=yes&amp;flow=1150889\"><strong>Fat Bike \u00c9lectrique<\/strong><\/a><\/h5>\n<p>[\/vc_column_text][vc_column_text]<\/p>\n<p style=\"text-align: center;\">2h &#8211; 70$<br \/>\n4h &#8211; 90$<br \/>\n8h &#8211; 115$<\/p>\n<p>[\/vc_column_text][\/vc_column_inner][\/vc_row_inner][vc_row_inner][vc_column_inner][vc_empty_space height=\u00a0\u00bb55px\u00a0\u00bb][\/vc_column_inner][\/vc_row_inner][vc_row_inner][vc_column_inner width=\u00a0\u00bb1\/3&Prime;][vc_single_image image=\u00a0\u00bb30596&Prime; img_size=\u00a0\u00bbmedium\u00a0\u00bb alignment=\u00a0\u00bbcenter\u00a0\u00bb onclick=\u00a0\u00bbcustom_link\u00a0\u00bb link=\u00a0\u00bbhttps:\/\/fareharbor.com\/embeds\/book\/belowzerorental\/?full-items=yes&amp;flow=1150889&Prime;][vc_column_text]<\/p>\n<h5 style=\"text-align: center; font-weight: 900;\"><a href=\"https:\/\/fareharbor.com\/embeds\/book\/belowzerorental\/?full-items=yes&amp;flow=1150889\"><strong>V\u00e9lo E-utilitaire<\/strong><\/a><\/h5>\n<p>[\/vc_column_text][vc_column_text]<\/p>\n<p style=\"text-align: center;\">2h &#8211; 75$<br \/>\n4h &#8211; 95$<br \/>\n8h &#8211; 115$<\/p>\n<p>[\/vc_column_text][\/vc_column_inner][vc_column_inner width=\u00a0\u00bb1\/3&Prime;][vc_single_image image=\u00a0\u00bb29948&Prime; img_size=\u00a0\u00bbmedium\u00a0\u00bb alignment=\u00a0\u00bbcenter\u00a0\u00bb onclick=\u00a0\u00bbcustom_link\u00a0\u00bb link=\u00a0\u00bbhttps:\/\/fareharbor.com\/embeds\/book\/belowzerorental\/?full-items=yes&amp;flow=1150889&Prime;][vc_column_text]<\/p>\n<h5 style=\"text-align: center; font-weight: 900;\"><a href=\"https:\/\/fareharbor.com\/embeds\/book\/belowzerorental\/?full-items=yes&amp;flow=1150889\"><strong>Hybrid<\/strong><\/a><\/h5>\n<p>[\/vc_column_text][vc_column_text]<\/p>\n<p style=\"text-align: center;\">2h &#8211; 25$<br \/>\n4h &#8211; 35$<br \/>\n8h &#8211; 50$<\/p>\n<p>[\/vc_column_text][\/vc_column_inner][vc_column_inner width=\u00a0\u00bb1\/3&Prime;][vc_single_image image=\u00a0\u00bb30585&Prime; img_size=\u00a0\u00bbmedium\u00a0\u00bb alignment=\u00a0\u00bbcenter\u00a0\u00bb onclick=\u00a0\u00bbcustom_link\u00a0\u00bb link=\u00a0\u00bbhttps:\/\/fareharbor.com\/embeds\/book\/belowzerorental\/?full-items=yes&amp;flow=1150889&Prime;][vc_column_text]<\/p>\n<h5 style=\"text-align: center; font-weight: 900;\"><a href=\"https:\/\/fareharbor.com\/embeds\/book\/belowzerorental\/?full-items=yes&amp;flow=1150889\"><strong>V\u00e9lo de montagne \u00e0 double suspension<\/strong><\/a><\/h5>\n<p>[\/vc_column_text][vc_column_text]<\/p>\n<p style=\"text-align: center;\">2h &#8211; 50$<br \/>\n4h &#8211; 75$<br \/>\n8h &#8211; 95$<\/p>\n<p>[\/vc_column_text][\/vc_column_inner][\/vc_row_inner][vc_empty_space height=\u00a0\u00bb55px\u00a0\u00bb][vc_row_inner][vc_column_inner width=\u00a0\u00bb1\/3&Prime;][vc_single_image image=\u00a0\u00bb30587&Prime; img_size=\u00a0\u00bbmedium\u00a0\u00bb alignment=\u00a0\u00bbcenter\u00a0\u00bb onclick=\u00a0\u00bbcustom_link\u00a0\u00bb link=\u00a0\u00bbhttps:\/\/fareharbor.com\/embeds\/book\/belowzerorental\/?full-items=yes&amp;flow=1150889&Prime;][vc_column_text]<\/p>\n<h5 style=\"text-align: center; font-weight: 900;\"><a href=\"https:\/\/fareharbor.com\/embeds\/book\/belowzerorental\/?full-items=yes&amp;flow=1150889\"><strong>V\u00e9lo junior<\/strong><\/a><\/h5>\n<p>[\/vc_column_text][vc_column_text]<\/p>\n<p style=\"text-align: center;\">2h &#8211; 20$<br \/>\n4h &#8211; 25$<br \/>\n8h &#8211; 30$<\/p>\n<p>[\/vc_column_text][\/vc_column_inner][\/vc_row_inner][vc_row_inner][vc_column_inner][vc_empty_space height=\u00a0\u00bb55px\u00a0\u00bb][\/vc_column_inner][\/vc_row_inner][vc_row_inner][vc_column_inner][vc_empty_space height=\u00a0\u00bb55px\u00a0\u00bb][vc_column_text]<\/p>\n<div class=\"wpb_text_column wpb_content_element vc_custom_1705367538521 smalltxt\">\n<div class=\"wpb_wrapper\">\n<p><span style=\"color: #ff0000;\">Tous les participants doivent \u00eatre \u00e2g\u00e9s de 14 ans et plus, et \u00eatre de taille sup\u00e9rieure \u00e0 5\u2032 pieds (152 cm)<\/span><\/p>\n<\/div>\n<\/div>\n<p>[\/vc_column_text][vc_empty_space height=\u00a0\u00bb55px\u00a0\u00bb][\/vc_column_inner][\/vc_row_inner][vc_column_text]<\/p>\n<h3><strong>Vous planifiez une sortie en famille ? Nous proposons plusieurs options adapt\u00e9es aux plus jeunes.<\/strong><\/h3>\n<p>Tous les accessoires pour enfant sont destin\u00e9s uniquement aux v\u00e9los \u00e9lectriques utilitaires.[\/vc_column_text][vc_empty_space height=\u00a0\u00bb55px\u00a0\u00bb][vc_row_inner][vc_column_inner width=\u00a0\u00bb1\/5&Prime;][vc_single_image image=\u00a0\u00bb30606&Prime; img_size=\u00a0\u00bbmedium\u00a0\u00bb alignment=\u00a0\u00bbcenter\u00a0\u00bb][vc_column_text]<\/p>\n<div style=\"text-align: center;\"><strong>Remorque de v\u00e9lo copilote<\/strong><\/div>\n<p>[\/vc_column_text][\/vc_column_inner][vc_column_inner width=\u00a0\u00bb1\/5&Prime;][vc_single_image image=\u00a0\u00bb30608&Prime; img_size=\u00a0\u00bbmedium\u00a0\u00bb alignment=\u00a0\u00bbcenter\u00a0\u00bb][vc_column_text]<\/p>\n<div style=\"text-align: center;\"><strong>Remorque de v\u00e9lo Weehoo<\/strong><\/div>\n<p>[\/vc_column_text][\/vc_column_inner][vc_column_inner width=\u00a0\u00bb1\/5&Prime;][vc_single_image image=\u00a0\u00bb30604&Prime; img_size=\u00a0\u00bbmedium\u00a0\u00bb alignment=\u00a0\u00bbcenter\u00a0\u00bb][vc_column_text]<\/p>\n<div style=\"text-align: center;\"><strong>Si\u00e8ge de b\u00e9b\u00e9<\/strong><\/div>\n<p>[\/vc_column_text][\/vc_column_inner][vc_column_inner width=\u00a0\u00bb1\/5&Prime;][vc_single_image image=\u00a0\u00bb30600&Prime; img_size=\u00a0\u00bbmedium\u00a0\u00bb alignment=\u00a0\u00bbcenter\u00a0\u00bb][vc_column_text]<\/p>\n<div style=\"text-align: center;\"><strong>Chariot Thule double<\/strong><\/div>\n<p>[\/vc_column_text][\/vc_column_inner][vc_column_inner width=\u00a0\u00bb1\/5&Prime;][vc_single_image image=\u00a0\u00bb30602&Prime; img_size=\u00a0\u00bbmedium\u00a0\u00bb alignment=\u00a0\u00bbcenter\u00a0\u00bb][vc_column_text]<\/p>\n<div style=\"text-align: center;\"><strong>Chariot Thule simple<\/strong><\/div>\n<p>[\/vc_column_text][\/vc_column_inner][\/vc_row_inner][vc_empty_space height=\u00a0\u00bb55px\u00a0\u00bb][vc_separator][vc_empty_space height=\u00a0\u00bb55px\u00a0\u00bb][vc_column_text]<\/p>\n<h6><strong>Qu\u2019est-ce qui est inclus?<\/strong><\/h6>\n<p>Lorsque vous louez un v\u00e9lo \u00e9lectrique chez nous, <strong>un casque de protection est inclus<\/strong> pour assurer votre s\u00e9curit\u00e9.<\/p>\n<h6><strong>Politique d&rsquo;annulation<\/strong><\/h6>\n<p>Annulez sans frais votre r\u00e9servation avec <strong>36 heures de pr\u00e9avis<\/strong>. Si vous annulez <strong>entre 24 et 36 heures<\/strong> \u00e0 l&rsquo;avance, vous b\u00e9n\u00e9ficierez d&rsquo;un remboursement de <strong>50%<\/strong>. Aucun remboursement n&rsquo;est possible si l&rsquo;annulation se fait moins de 24 heures \u00e0 l&rsquo;avance. En cas de pluie \u00e0 Mont-Tremblant, l&rsquo;annulation est <strong>sans frais<\/strong>.<\/p>\n<h6><strong>CARTE DES SENTIERS<\/strong><\/h6>\n<p>Mont-Tremblant poss\u00e8de des centaines de kilom\u00e8tres de pistes cyclables et compte plusieurs pistes de v\u00e9lo de montagne pr\u00e8s de notre boutique! Vous pouvez t\u00e9l\u00e9charger toutes les cartes des pistes avec l\u2019application <a href=\"https:\/\/igloocreations.com\/fr\/telechargez\/\">Ondago<\/a> et profiter pleinement de votre <strong>location de v\u00e9lo \u00e9lectrique \u00e0 Tremblant<\/strong>.[\/vc_column_text][vc_empty_space height=\u00a0\u00bb55px\u00a0\u00bb][vc_row_inner equal_height=\u00a0\u00bbyes\u00a0\u00bb gap=\u00a0\u00bb15&Prime; el_class=\u00a0\u00bbbloc-more\u00a0\u00bb][vc_column_inner width=\u00a0\u00bb1\/3&Prime; css=\u00a0\u00bb.vc_custom_1717094861748{background-color: #f95738 !important;}\u00a0\u00bb][vc_column_text]<a href=\"\/fr\/tours-guides\/\">D\u00e9couvrez les Laurentides \u00e0 travers nos <strong>tours guid\u00e9s \u00e0 v\u00e9lo<\/strong><\/a>[\/vc_column_text][\/vc_column_inner][vc_column_inner width=\u00a0\u00bb1\/3&Prime; css=\u00a0\u00bb.vc_custom_1717094876681{background-color: #f95738 !important;}\u00a0\u00bb][vc_column_text]<a href=\"\/fr\/sentier-des-cimes\/\">Combinez votre sortie \u00e0 v\u00e9lo avec l\u2019aventure du <strong>Sentier des Cimes<\/strong><\/a>[\/vc_column_text][\/vc_column_inner][vc_column_inner width=\u00a0\u00bb1\/3&Prime; css=\u00a0\u00bb.vc_custom_1717094888516{background-color: #f95738 !important;}\u00a0\u00bb][vc_column_text]<a href=\"\/fr\/contact-location-tremblant\/\">Pour toutes questions, n&rsquo;h\u00e9sitez pas \u00e0 <strong>nous contacter<\/strong><\/a>[\/vc_column_text][\/vc_column_inner][\/vc_row_inner][\/vc_column][\/vc_row][vc_row disable_element=\u00a0\u00bbyes\u00a0\u00bb anchor=\u00a0\u00bbbook\u00a0\u00bb el_id=\u00a0\u00bbreserver\u00a0\u00bb][vc_column][vc_empty_space height=\u00a0\u00bb30px\u00a0\u00bb][vc_column_text el_class=\u00a0\u00bbtxt-question\u00a0\u00bb]<\/p>\n<h2 style=\"text-align: center;\">Une exp\u00e9rience \u00e9lectrisante!<\/h2>\n<p>[\/vc_column_text][vc_empty_space height=\u00a0\u00bb30px\u00a0\u00bb][vc_column_text]<code><script src=\"https:\/\/cdnjs.cloudflare.com\/ajax\/libs\/iframe-resizer\/4.1.1\/iframeResizer.min.js\"><\/script><\/code><\/p>\n<div><iframe id=\"brm-online-booking\" style=\"width: 1px; min-width: 100%;\" title=\"Live booking\" src=\"https:\/\/us.bikerentalmanager.com\/book.html?shop=bikelabtremblant&amp;iframe_resizer=4.1.1\" frameborder=\"no\" scrolling=\"no\"><\/iframe><\/div>\n<p><script type=\"text\/javascript\">\niFrameResize({\n                heightCalculationMethod: \"taggedElement\",\n                checkOrigin: false\n}, '#brm-online-booking');\n<\/script>[\/vc_column_text][\/vc_column][\/vc_row]<\/p>\n<\/section>","protected":false},"excerpt":{"rendered":"<p>[vc_row el_class=\u00a0\u00bbpadding-slider padding-rangee-bas\u00a0\u00bb simple_background_color=\u00a0\u00bb#ffffff\u00a0\u00bb][vc_column][vc_column_text] N\u2019attendez pas plus longtemps pour faire la r\u00e9servation de votre v\u00e9lo \u00e9lectrique en pr\u00e9vision de la saison estivale ! [\/vc_column_text][vc_empty_space height=\u00a0\u00bb15px\u00a0\u00bb][vc_empty_space height=\u00a0\u00bb15px\u00a0\u00bb][vc_row_inner][vc_column_inner width=\u00a0\u00bb1\/2&Prime;][vc_column_text] Below Zero Rental, offre une gamme de v\u00e9los \u00e9lectriques disponibles en location. Dans [&hellip;]<\/p>\n","protected":false},"author":215,"featured_media":30067,"parent":0,"menu_order":0,"comment_status":"closed","ping_status":"closed","template":"","meta":{"_acf_changed":false,"footnotes":""},"class_list":["post-29259","page","type-page","status-publish","has-post-thumbnail","hentry"],"acf":[],"yoast_head":"<!-- This site is optimized with the Yoast SEO plugin v24.4 - https:\/\/yoast.com\/wordpress\/plugins\/seo\/ -->\n<title>Location de v\u00e9lo \u00e9lectrique \u00e0 Tremblant \u00e0 partir de 35$ pour 2h - R\u00e9servez en ligne<\/title>\n<meta name=\"description\" content=\"Location de v\u00e9lo \u00e9lectrique \u00e0 Mont-Tremblant dans les Laurentides \u00e0 2 min du P&#039;tit Train du Nord. R\u00e9servez votre v\u00e9lo \u00e9lectrique \u00e0 partir de 35$ pour 2 heures.\" \/>\n<meta name=\"robots\" content=\"index, follow, max-snippet:-1, max-image-preview:large, max-video-preview:-1\" \/>\n<link rel=\"canonical\" href=\"https:\/\/belowzerorental.com\/fr\/locations-de-velo-electrique\/\" \/>\n<meta property=\"og:locale\" content=\"fr_CA\" \/>\n<meta property=\"og:type\" content=\"article\" \/>\n<meta property=\"og:title\" content=\"Location de v\u00e9lo \u00e9lectrique \u00e0 Tremblant - Below Zero Location v\u00e9lo\" \/>\n<meta property=\"og:description\" content=\"Location de v\u00e9lo \u00e9lectrique \u00e0 Mont-Tremblant dans les Laurentides \u00e0 2 min du P&#039;tit Train du Nord. R\u00e9servez votre v\u00e9lo \u00e9lectrique en ligne ou sur place.\" \/>\n<meta property=\"og:url\" content=\"https:\/\/belowzerorental.com\/fr\/locations-de-velo-electrique\/\" \/>\n<meta property=\"og:site_name\" content=\"Below Zero Rentals\" \/>\n<meta property=\"article:modified_time\" content=\"2024-06-21T19:27:59+00:00\" \/>\n<meta property=\"og:image\" content=\"https:\/\/belowzerorental.com\/wp-content\/uploads\/2023\/03\/rental-banniere2.jpg\" \/>\n\t<meta property=\"og:image:width\" content=\"1920\" \/>\n\t<meta property=\"og:image:height\" content=\"930\" \/>\n\t<meta property=\"og:image:type\" content=\"image\/jpeg\" \/>\n<meta name=\"twitter:card\" content=\"summary_large_image\" \/>\n<meta name=\"twitter:title\" content=\"Location de v\u00e9lo \u00e9lectrique \u00e0 Tremblant - Below Zero Location v\u00e9lo\" \/>\n<meta name=\"twitter:description\" content=\"Location de v\u00e9lo \u00e9lectrique \u00e0 Mont-Tremblant dans les Laurentides \u00e0 2 min du P&#039;tit Train du Nord. R\u00e9servez votre v\u00e9lo \u00e9lectrique en ligne ou sur place.\" \/>\n<meta name=\"twitter:image\" content=\"https:\/\/belowzerorental.com\/wp-content\/uploads\/2023\/03\/rental-banniere2.jpg\" \/>\n<meta name=\"twitter:label1\" content=\"Estimation du temps de lecture\" \/>\n\t<meta name=\"twitter:data1\" content=\"7 minutes\" \/>\n<script type=\"application\/ld+json\" class=\"yoast-schema-graph\">{\"@context\":\"https:\/\/schema.org\",\"@graph\":[{\"@type\":\"WebPage\",\"@id\":\"https:\/\/belowzerorental.com\/fr\/locations-de-velo-electrique\/\",\"url\":\"https:\/\/belowzerorental.com\/fr\/locations-de-velo-electrique\/\",\"name\":\"Location de v\u00e9lo \u00e9lectrique \u00e0 Tremblant \u00e0 partir de 35$ pour 2h - R\u00e9servez en ligne\",\"isPartOf\":{\"@id\":\"https:\/\/belowzerorental.com\/#website\"},\"primaryImageOfPage\":{\"@id\":\"https:\/\/belowzerorental.com\/fr\/locations-de-velo-electrique\/#primaryimage\"},\"image\":{\"@id\":\"https:\/\/belowzerorental.com\/fr\/locations-de-velo-electrique\/#primaryimage\"},\"thumbnailUrl\":\"https:\/\/belowzerorental.com\/wp-content\/uploads\/2023\/09\/petit-train-du-nord_banniere.png\",\"datePublished\":\"2023-03-29T10:56:47+00:00\",\"dateModified\":\"2024-06-21T19:27:59+00:00\",\"description\":\"Location de v\u00e9lo \u00e9lectrique \u00e0 Mont-Tremblant dans les Laurentides \u00e0 2 min du P'tit Train du Nord. R\u00e9servez votre v\u00e9lo \u00e9lectrique \u00e0 partir de 35$ pour 2 heures.\",\"inLanguage\":\"fr-CA\",\"potentialAction\":[{\"@type\":\"ReadAction\",\"target\":[\"https:\/\/belowzerorental.com\/fr\/locations-de-velo-electrique\/\"]}]},{\"@type\":\"ImageObject\",\"inLanguage\":\"fr-CA\",\"@id\":\"https:\/\/belowzerorental.com\/fr\/locations-de-velo-electrique\/#primaryimage\",\"url\":\"https:\/\/belowzerorental.com\/wp-content\/uploads\/2023\/09\/petit-train-du-nord_banniere.png\",\"contentUrl\":\"https:\/\/belowzerorental.com\/wp-content\/uploads\/2023\/09\/petit-train-du-nord_banniere.png\",\"width\":1200,\"height\":800,\"caption\":\"Tour guid\u00e9 \u00e0 v\u00e9lo \u00e0 Tremblant\"},{\"@type\":\"WebSite\",\"@id\":\"https:\/\/belowzerorental.com\/#website\",\"url\":\"https:\/\/belowzerorental.com\/\",\"name\":\"Below Zero Rentals\",\"description\":\"Mont Tremblant Ski &amp; Snowboard Equipment Rentals\",\"potentialAction\":[{\"@type\":\"SearchAction\",\"target\":{\"@type\":\"EntryPoint\",\"urlTemplate\":\"https:\/\/belowzerorental.com\/?s={search_term_string}\"},\"query-input\":{\"@type\":\"PropertyValueSpecification\",\"valueRequired\":true,\"valueName\":\"search_term_string\"}}],\"inLanguage\":\"fr-CA\"}]}<\/script>\n<!-- \/ Yoast SEO plugin. -->","yoast_head_json":{"title":"Location de v\u00e9lo \u00e9lectrique \u00e0 Tremblant \u00e0 partir de 35$ pour 2h - R\u00e9servez en ligne","description":"Location de v\u00e9lo \u00e9lectrique \u00e0 Mont-Tremblant dans les Laurentides \u00e0 2 min du P'tit Train du Nord. R\u00e9servez votre v\u00e9lo \u00e9lectrique \u00e0 partir de 35$ pour 2 heures.","robots":{"index":"index","follow":"follow","max-snippet":"max-snippet:-1","max-image-preview":"max-image-preview:large","max-video-preview":"max-video-preview:-1"},"canonical":"https:\/\/belowzerorental.com\/fr\/locations-de-velo-electrique\/","og_locale":"fr_CA","og_type":"article","og_title":"Location de v\u00e9lo \u00e9lectrique \u00e0 Tremblant - Below Zero Location v\u00e9lo","og_description":"Location de v\u00e9lo \u00e9lectrique \u00e0 Mont-Tremblant dans les Laurentides \u00e0 2 min du P'tit Train du Nord. R\u00e9servez votre v\u00e9lo \u00e9lectrique en ligne ou sur place.","og_url":"https:\/\/belowzerorental.com\/fr\/locations-de-velo-electrique\/","og_site_name":"Below Zero Rentals","article_modified_time":"2024-06-21T19:27:59+00:00","og_image":[{"width":1920,"height":930,"url":"https:\/\/belowzerorental.com\/wp-content\/uploads\/2023\/03\/rental-banniere2.jpg","type":"image\/jpeg"}],"twitter_card":"summary_large_image","twitter_title":"Location de v\u00e9lo \u00e9lectrique \u00e0 Tremblant - Below Zero Location v\u00e9lo","twitter_description":"Location de v\u00e9lo \u00e9lectrique \u00e0 Mont-Tremblant dans les Laurentides \u00e0 2 min du P'tit Train du Nord. R\u00e9servez votre v\u00e9lo \u00e9lectrique en ligne ou sur place.","twitter_image":"https:\/\/belowzerorental.com\/wp-content\/uploads\/2023\/03\/rental-banniere2.jpg","twitter_misc":{"Estimation du temps de lecture":"7 minutes"},"schema":{"@context":"https:\/\/schema.org","@graph":[{"@type":"WebPage","@id":"https:\/\/belowzerorental.com\/fr\/locations-de-velo-electrique\/","url":"https:\/\/belowzerorental.com\/fr\/locations-de-velo-electrique\/","name":"Location de v\u00e9lo \u00e9lectrique \u00e0 Tremblant \u00e0 partir de 35$ pour 2h - R\u00e9servez en ligne","isPartOf":{"@id":"https:\/\/belowzerorental.com\/#website"},"primaryImageOfPage":{"@id":"https:\/\/belowzerorental.com\/fr\/locations-de-velo-electrique\/#primaryimage"},"image":{"@id":"https:\/\/belowzerorental.com\/fr\/locations-de-velo-electrique\/#primaryimage"},"thumbnailUrl":"https:\/\/belowzerorental.com\/wp-content\/uploads\/2023\/09\/petit-train-du-nord_banniere.png","datePublished":"2023-03-29T10:56:47+00:00","dateModified":"2024-06-21T19:27:59+00:00","description":"Location de v\u00e9lo \u00e9lectrique \u00e0 Mont-Tremblant dans les Laurentides \u00e0 2 min du P'tit Train du Nord. R\u00e9servez votre v\u00e9lo \u00e9lectrique \u00e0 partir de 35$ pour 2 heures.","inLanguage":"fr-CA","potentialAction":[{"@type":"ReadAction","target":["https:\/\/belowzerorental.com\/fr\/locations-de-velo-electrique\/"]}]},{"@type":"ImageObject","inLanguage":"fr-CA","@id":"https:\/\/belowzerorental.com\/fr\/locations-de-velo-electrique\/#primaryimage","url":"https:\/\/belowzerorental.com\/wp-content\/uploads\/2023\/09\/petit-train-du-nord_banniere.png","contentUrl":"https:\/\/belowzerorental.com\/wp-content\/uploads\/2023\/09\/petit-train-du-nord_banniere.png","width":1200,"height":800,"caption":"Tour guid\u00e9 \u00e0 v\u00e9lo \u00e0 Tremblant"},{"@type":"WebSite","@id":"https:\/\/belowzerorental.com\/#website","url":"https:\/\/belowzerorental.com\/","name":"Below Zero Rentals","description":"Mont Tremblant Ski &amp; Snowboard Equipment Rentals","potentialAction":[{"@type":"SearchAction","target":{"@type":"EntryPoint","urlTemplate":"https:\/\/belowzerorental.com\/?s={search_term_string}"},"query-input":{"@type":"PropertyValueSpecification","valueRequired":true,"valueName":"search_term_string"}}],"inLanguage":"fr-CA"}]}},"_links":{"self":[{"href":"https:\/\/belowzerorental.com\/fr\/wp-json\/wp\/v2\/pages\/29259","targetHints":{"allow":["GET"]}}],"collection":[{"href":"https:\/\/belowzerorental.com\/fr\/wp-json\/wp\/v2\/pages"}],"about":[{"href":"https:\/\/belowzerorental.com\/fr\/wp-json\/wp\/v2\/types\/page"}],"author":[{"embeddable":true,"href":"https:\/\/belowzerorental.com\/fr\/wp-json\/wp\/v2\/users\/215"}],"replies":[{"embeddable":true,"href":"https:\/\/belowzerorental.com\/fr\/wp-json\/wp\/v2\/comments?post=29259"}],"version-history":[{"count":29,"href":"https:\/\/belowzerorental.com\/fr\/wp-json\/wp\/v2\/pages\/29259\/revisions"}],"predecessor-version":[{"id":30646,"href":"https:\/\/belowzerorental.com\/fr\/wp-json\/wp\/v2\/pages\/29259\/revisions\/30646"}],"wp:featuredmedia":[{"embeddable":true,"href":"https:\/\/belowzerorental.com\/fr\/wp-json\/wp\/v2\/media\/30067"}],"wp:attachment":[{"href":"https:\/\/belowzerorental.com\/fr\/wp-json\/wp\/v2\/media?parent=29259"}],"curies":[{"name":"wp","href":"https:\/\/api.w.org\/{rel}","templated":true}]}}