{"id":29843,"date":"2023-04-27T21:33:56","date_gmt":"2023-04-28T01:33:56","guid":{"rendered":"https:\/\/belowzerorental.com\/?page_id=29843"},"modified":"2026-02-20T15:44:31","modified_gmt":"2026-02-20T20:44:31","slug":"patin-et-raquette","status":"publish","type":"page","link":"https:\/\/belowzerorental.com\/fr\/patin-et-raquette\/","title":{"rendered":"Patin et Raquette"},"content":{"rendered":"<section class=\"wpb-content-wrapper\"><p>[vc_row full_width=\u00a0\u00bbstretch_row\u00a0\u00bb el_class=\u00a0\u00bbancre\u00a0\u00bb css=\u00a0\u00bb.vc_custom_1690888640368{padding-top: 0px !important;background-color: #f9e7d6 !important;}\u00a0\u00bb][vc_column css=\u00a0\u00bb.vc_custom_1691494267154{padding-top: 10px !important;}\u00a0\u00bb el_class=\u00a0\u00bbmenupage\u00a0\u00bb][vc_wp_custommenu nav_menu=\u00a0\u00bb453&Prime; el_class=\u00a0\u00bbmenupage\u00a0\u00bb][\/vc_column][\/vc_row][vc_row][vc_column][vc_column_text]<\/p>\n<h4><strong>R\u00c9SERVEZ VOS RAQUETTES ET PATINS \u00c0 GLACE EN LIGNE D\u00c8S MAINTENANT<\/strong><\/h4>\n<p>Below Zero propose la <strong>location de patins \u00e0 glace<\/strong> et la <strong>location de raquettes dans les Laurentides<\/strong>, au village de Mont-Tremblant.[\/vc_column_text][vc_column_text css=\u00a0\u00bb.vc_custom_1691493944962{margin-top: 90px !important;margin-bottom: 50px !important;}\u00a0\u00bb el_id=\u00a0\u00bbsnowshoe-rental\u00a0\u00bb]<\/p>\n<h3 style=\"font-size: 22px;\"><strong>Location de raquettes <\/strong><\/h3>\n<p>[\/vc_column_text][vc_row_inner][vc_column_inner width=\u00a0\u00bb1\/4&Prime;][vc_single_image image=\u00a0\u00bb20536&Prime; img_size=\u00a0\u00bbfull\u00a0\u00bb onclick=\u00a0\u00bbcustom_link\u00a0\u00bb link=\u00a0\u00bbhttps:\/\/fareharbor.com\/embeds\/book\/belowzerorental\/items\/?full-items=yes\u00a0\u00bb][vc_column_text]<\/p>\n<h4 class=\"eltdf-product-list-title\" style=\"text-align: center; margin-bottom: 0;\"><a href=\"https:\/\/fareharbor.com\/embeds\/book\/belowzerorental\/items\/?full-items=yes\">Raquettes<\/a><\/h4>\n<p style=\"text-align: center; margin-top: 0px; margin-bottom: 10px;\"><span class=\"price\"><span class=\"amount rnb_price_unit_19795\"> <span class=\"woocommerce-Price-amount amount\"><bdi><span class=\"woocommerce-Price-currencySymbol\">$<\/span> 25.00<\/bdi><\/span>\/par jour<\/span><\/span><\/p>\n<p>[\/vc_column_text][\/vc_column_inner][vc_column_inner width=\u00a0\u00bb1\/4&Prime;][\/vc_column_inner][vc_column_inner width=\u00a0\u00bb1\/4&Prime;][\/vc_column_inner][vc_column_inner width=\u00a0\u00bb1\/4&Prime;][\/vc_column_inner][\/vc_row_inner][vc_column_text css=\u00a0\u00bb.vc_custom_1691494162183{margin-top: 90px !important;margin-bottom: 50px !important;}\u00a0\u00bb el_id=\u00a0\u00bbice-skate\u00a0\u00bb]<\/p>\n<h3 style=\"font-size: 22px;\"><strong>Location de patins \u00e0 glace<\/strong><\/h3>\n<p>[\/vc_column_text][\/vc_column][\/vc_row][vc_row][vc_column][vc_row_inner][vc_column_inner width=\u00a0\u00bb1\/4&Prime;][vc_single_image image=\u00a0\u00bb20539&Prime; img_size=\u00a0\u00bbfull\u00a0\u00bb onclick=\u00a0\u00bbcustom_link\u00a0\u00bb link=\u00a0\u00bbhttps:\/\/fareharbor.com\/embeds\/book\/belowzerorental\/items\/?full-items=yes\u00a0\u00bb][vc_column_text]<\/p>\n<h4 class=\"eltdf-product-list-title\" style=\"text-align: center; margin-bottom: 0;\"><a href=\"https:\/\/fareharbor.com\/embeds\/book\/belowzerorental\/items\/?full-items=yes\">Patins<\/a><\/h4>\n<p style=\"text-align: center; margin-top: 0px; margin-bottom: 10px;\"><span class=\"price\"><span class=\"amount rnb_price_unit_19795\"> <span class=\"woocommerce-Price-amount amount\"><bdi><span class=\"woocommerce-Price-currencySymbol\">$<\/span> 15.00<\/bdi><\/span>\/par jour<\/span><\/span><\/p>\n<p>[\/vc_column_text][\/vc_column_inner][vc_column_inner width=\u00a0\u00bb1\/4&Prime;][\/vc_column_inner][vc_column_inner width=\u00a0\u00bb1\/4&Prime;][\/vc_column_inner][vc_column_inner width=\u00a0\u00bb1\/4&Prime;][\/vc_column_inner][\/vc_row_inner][vc_column_text css=\u00a0\u00bb.vc_custom_1691494318995{margin-top: 90px !important;}\u00a0\u00bb]Below Zero vous permet de r\u00e9server vos raquettes et patins \u00e0 glace la veille pour profiter pleinement de votre journ\u00e9e en plein air ![\/vc_column_text][\/vc_column][\/vc_row]<\/p>\n<\/section>","protected":false},"excerpt":{"rendered":"<p>[vc_row full_width=\u00a0\u00bbstretch_row\u00a0\u00bb el_class=\u00a0\u00bbancre\u00a0\u00bb css=\u00a0\u00bb.vc_custom_1690888640368{padding-top: 0px !important;background-color: #f9e7d6 !important;}\u00a0\u00bb][vc_column css=\u00a0\u00bb.vc_custom_1691494267154{padding-top: 10px !important;}\u00a0\u00bb el_class=\u00a0\u00bbmenupage\u00a0\u00bb][vc_wp_custommenu nav_menu=\u00a0\u00bb453&Prime; el_class=\u00a0\u00bbmenupage\u00a0\u00bb][\/vc_column][\/vc_row][vc_row][vc_column][vc_column_text] R\u00c9SERVEZ VOS RAQUETTES ET PATINS \u00c0 GLACE EN LIGNE D\u00c8S MAINTENANT Below Zero propose la location de patins \u00e0 glace et la location de raquettes dans [&hellip;]<\/p>\n","protected":false},"author":4,"featured_media":0,"parent":0,"menu_order":0,"comment_status":"closed","ping_status":"closed","template":"","meta":{"_acf_changed":false,"footnotes":""},"class_list":["post-29843","page","type-page","status-publish","hentry"],"acf":[],"yoast_head":"<!-- This site is optimized with the Yoast SEO plugin v24.4 - https:\/\/yoast.com\/wordpress\/plugins\/seo\/ -->\n<title>Location de raquettes \u00e0 neige et patins \u00e0 glace - Below Zero Rentals<\/title>\n<meta name=\"description\" content=\"Service de location de raquettes \u00e0 neige et de location de patins \u00e0 glace au village de Mont-Tremblant. R\u00e9servez en ligne d\u00e8s maintenant.\" \/>\n<meta name=\"robots\" content=\"index, follow, max-snippet:-1, max-image-preview:large, max-video-preview:-1\" \/>\n<link rel=\"canonical\" href=\"https:\/\/belowzerorental.com\/fr\/patin-et-raquette\/\" \/>\n<meta property=\"og:locale\" content=\"fr_CA\" \/>\n<meta property=\"og:type\" content=\"article\" \/>\n<meta property=\"og:title\" content=\"Location de raquettes \u00e0 neige et patins \u00e0 glace - Below Zero Rentals\" \/>\n<meta property=\"og:description\" content=\"Service de location de raquettes \u00e0 neige et de location de patins \u00e0 glace au village de Mont-Tremblant. R\u00e9servez en ligne d\u00e8s maintenant.\" \/>\n<meta property=\"og:url\" content=\"https:\/\/belowzerorental.com\/fr\/patin-et-raquette\/\" \/>\n<meta property=\"og:site_name\" content=\"Below Zero Rentals\" \/>\n<meta property=\"article:modified_time\" content=\"2026-02-20T20:44:31+00:00\" \/>\n<meta name=\"twitter:card\" content=\"summary_large_image\" \/>\n<meta name=\"twitter:label1\" content=\"Estimation du temps de lecture\" \/>\n\t<meta name=\"twitter:data1\" content=\"1 minute\" \/>\n<script type=\"application\/ld+json\" class=\"yoast-schema-graph\">{\"@context\":\"https:\/\/schema.org\",\"@graph\":[{\"@type\":\"WebPage\",\"@id\":\"https:\/\/belowzerorental.com\/fr\/patin-et-raquette\/\",\"url\":\"https:\/\/belowzerorental.com\/fr\/patin-et-raquette\/\",\"name\":\"Location de raquettes \u00e0 neige et patins \u00e0 glace - Below Zero Rentals\",\"isPartOf\":{\"@id\":\"https:\/\/belowzerorental.com\/#website\"},\"datePublished\":\"2023-04-28T01:33:56+00:00\",\"dateModified\":\"2026-02-20T20:44:31+00:00\",\"description\":\"Service de location de raquettes \u00e0 neige et de location de patins \u00e0 glace au village de Mont-Tremblant. R\u00e9servez en ligne d\u00e8s maintenant.\",\"inLanguage\":\"fr-CA\",\"potentialAction\":[{\"@type\":\"ReadAction\",\"target\":[\"https:\/\/belowzerorental.com\/fr\/patin-et-raquette\/\"]}]},{\"@type\":\"WebSite\",\"@id\":\"https:\/\/belowzerorental.com\/#website\",\"url\":\"https:\/\/belowzerorental.com\/\",\"name\":\"Below Zero Rentals\",\"description\":\"Mont Tremblant Ski &amp; Snowboard Equipment Rentals\",\"potentialAction\":[{\"@type\":\"SearchAction\",\"target\":{\"@type\":\"EntryPoint\",\"urlTemplate\":\"https:\/\/belowzerorental.com\/?s={search_term_string}\"},\"query-input\":{\"@type\":\"PropertyValueSpecification\",\"valueRequired\":true,\"valueName\":\"search_term_string\"}}],\"inLanguage\":\"fr-CA\"}]}<\/script>\n<!-- \/ Yoast SEO plugin. -->","yoast_head_json":{"title":"Location de raquettes \u00e0 neige et patins \u00e0 glace - Below Zero Rentals","description":"Service de location de raquettes \u00e0 neige et de location de patins \u00e0 glace au village de Mont-Tremblant. R\u00e9servez en ligne d\u00e8s maintenant.","robots":{"index":"index","follow":"follow","max-snippet":"max-snippet:-1","max-image-preview":"max-image-preview:large","max-video-preview":"max-video-preview:-1"},"canonical":"https:\/\/belowzerorental.com\/fr\/patin-et-raquette\/","og_locale":"fr_CA","og_type":"article","og_title":"Location de raquettes \u00e0 neige et patins \u00e0 glace - Below Zero Rentals","og_description":"Service de location de raquettes \u00e0 neige et de location de patins \u00e0 glace au village de Mont-Tremblant. R\u00e9servez en ligne d\u00e8s maintenant.","og_url":"https:\/\/belowzerorental.com\/fr\/patin-et-raquette\/","og_site_name":"Below Zero Rentals","article_modified_time":"2026-02-20T20:44:31+00:00","twitter_card":"summary_large_image","twitter_misc":{"Estimation du temps de lecture":"1 minute"},"schema":{"@context":"https:\/\/schema.org","@graph":[{"@type":"WebPage","@id":"https:\/\/belowzerorental.com\/fr\/patin-et-raquette\/","url":"https:\/\/belowzerorental.com\/fr\/patin-et-raquette\/","name":"Location de raquettes \u00e0 neige et patins \u00e0 glace - Below Zero Rentals","isPartOf":{"@id":"https:\/\/belowzerorental.com\/#website"},"datePublished":"2023-04-28T01:33:56+00:00","dateModified":"2026-02-20T20:44:31+00:00","description":"Service de location de raquettes \u00e0 neige et de location de patins \u00e0 glace au village de Mont-Tremblant. R\u00e9servez en ligne d\u00e8s maintenant.","inLanguage":"fr-CA","potentialAction":[{"@type":"ReadAction","target":["https:\/\/belowzerorental.com\/fr\/patin-et-raquette\/"]}]},{"@type":"WebSite","@id":"https:\/\/belowzerorental.com\/#website","url":"https:\/\/belowzerorental.com\/","name":"Below Zero Rentals","description":"Mont Tremblant Ski &amp; Snowboard Equipment Rentals","potentialAction":[{"@type":"SearchAction","target":{"@type":"EntryPoint","urlTemplate":"https:\/\/belowzerorental.com\/?s={search_term_string}"},"query-input":{"@type":"PropertyValueSpecification","valueRequired":true,"valueName":"search_term_string"}}],"inLanguage":"fr-CA"}]}},"_links":{"self":[{"href":"https:\/\/belowzerorental.com\/fr\/wp-json\/wp\/v2\/pages\/29843","targetHints":{"allow":["GET"]}}],"collection":[{"href":"https:\/\/belowzerorental.com\/fr\/wp-json\/wp\/v2\/pages"}],"about":[{"href":"https:\/\/belowzerorental.com\/fr\/wp-json\/wp\/v2\/types\/page"}],"author":[{"embeddable":true,"href":"https:\/\/belowzerorental.com\/fr\/wp-json\/wp\/v2\/users\/4"}],"replies":[{"embeddable":true,"href":"https:\/\/belowzerorental.com\/fr\/wp-json\/wp\/v2\/comments?post=29843"}],"version-history":[{"count":9,"href":"https:\/\/belowzerorental.com\/fr\/wp-json\/wp\/v2\/pages\/29843\/revisions"}],"predecessor-version":[{"id":30776,"href":"https:\/\/belowzerorental.com\/fr\/wp-json\/wp\/v2\/pages\/29843\/revisions\/30776"}],"wp:attachment":[{"href":"https:\/\/belowzerorental.com\/fr\/wp-json\/wp\/v2\/media?parent=29843"}],"curies":[{"name":"wp","href":"https:\/\/api.w.org\/{rel}","templated":true}]}}