{"id":30150,"date":"2023-09-18T05:09:06","date_gmt":"2023-09-18T09:09:06","guid":{"rendered":"https:\/\/belowzerorental.com\/tours-guides\/"},"modified":"2024-07-23T16:15:09","modified_gmt":"2024-07-23T20:15:09","slug":"tours-guides","status":"publish","type":"page","link":"https:\/\/belowzerorental.com\/fr\/tours-guides\/","title":{"rendered":"Tours guid\u00e9s \u00e0 Mont-Tremblant"},"content":{"rendered":"<section class=\"wpb-content-wrapper\"><p>[vc_section][vc_row][vc_column]<div class=\"eltdf-section-title-holder   eltdf-st-decorative-line\" style=\"text-align: center\">\n\t<div class=\"eltdf-st-inner\">\n        \t\t\t\t\t<h2 class=\"eltdf-st-title\" >\n    <span class=\"eltdf-st-title-inner\"><span class=\"eltdf-st-side-line-left\" ><\/span>Le v\u00e9lo \u00e0 Tremblant : une activit\u00e9 pour tous!<span class=\"eltdf-st-side-line-right\" ><\/span><\/span>\n\t\t\t<\/h2>\n\t\t\t\t\t\t\t<\/div>\n<\/div><div class=\"eltdf-separator-holder clearfix  eltdf-separator-center \">\n\t<div class=\"eltdf-separator\" style=\"border-style: solid\"><\/div>\n<\/div>\n[vc_column_text]<\/p>\n<h3 style=\"text-align: left;\">Plusieurs tours guid\u00e9s offerts selon votre niveau.<\/h3>\n<p>[\/vc_column_text]<div class=\"eltdf-separator-holder clearfix  eltdf-separator-center \">\n\t<div class=\"eltdf-separator\" ><\/div>\n<\/div>\n[vc_column_text]<em>Below Zero<\/em> vous invite \u00e0 d\u00e9couvrir les merveilles des Laurentides d&rsquo;une mani\u00e8re unique et immersive \u00e0 travers ses<strong> tours guid\u00e9s \u00e0 v\u00e9lo<\/strong>. Chaque parcours a \u00e9t\u00e9 soigneusement con\u00e7u pour mettre en avant les divers types de terrains et les paysages \u00e9poustouflants propres \u00e0 cette r\u00e9gion. Que vous soyez novice ou cycliste aguerri, nos tours guid\u00e9s sont accessibles \u00e0 tous les niveaux gr\u00e2ce \u00e0 notre flotte de<strong> v\u00e9los de montagne<\/strong>, <strong>hybrides<\/strong>, <strong>fatbikes<\/strong> et <strong>ebikes<\/strong>!<\/p>\n<p>Accompagn\u00e9s par nos experts locaux, laissez-vous guider \u00e0 travers des for\u00eats luxuriantes, sur les <strong>pistes cyclables<\/strong> les plus pittoresques, ou aux abords des <strong>lacs de Tremblant<\/strong>. Vivez une exp\u00e9rience inoubliable![\/vc_column_text]<div class=\"eltdf-separator-holder clearfix  eltdf-separator-center \">\n\t<div class=\"eltdf-separator\" ><\/div>\n<\/div>\n[vc_basic_grid post_type=\u00a0\u00bbtour\u00a0\u00bb max_items=\u00a0\u00bb-1&Prime; element_width=\u00a0\u00bb3&Prime; gap=\u00a0\u00bb20&Prime; orderby=\u00a0\u00bbtitle\u00a0\u00bb order=\u00a0\u00bbASC\u00a0\u00bb item=\u00a0\u00bb30132&Prime; grid_id=\u00a0\u00bbvc_gid:1717096296029-5c576454-85c8-2&Prime; el_class=\u00a0\u00bbbloc-tours\u00a0\u00bb][vc_empty_space][vc_separator][vc_empty_space][vc_row_inner][vc_column_inner width=\u00a0\u00bb1\/2&Prime;][vc_column_text]<\/p>\n<h3>Combinez votre sortie \u00e0 v\u00e9lo avec l\u2019aventure du Sentier des Cimes.<\/h3>\n<p>Plongez au c\u0153ur des splendeurs naturelles des Laurentides avec notre partenariat prometteur entre Ski Lab et le Sentier des Cimes. Une aventure inoubliable vous attend, m\u00ealant sport, nature et d\u00e9couverte panoramique.[\/vc_column_text][vc_empty_space height=\u00a0\u00bb15px\u00a0\u00bb][vc_btn title=\u00a0\u00bbEn savoir plus\u00a0\u00bb style=\u00a0\u00bbflat\u00a0\u00bb shape=\u00a0\u00bbround\u00a0\u00bb color=\u00a0\u00bbwarning\u00a0\u00bb link=\u00a0\u00bburl:%2Ffr%2Fsentier-des-cimes%2F\u00a0\u00bb][\/vc_column_inner][vc_column_inner width=\u00a0\u00bb1\/2&Prime;][vc_single_image image=\u00a0\u00bb30534&Prime; img_size=\u00a0\u00bblarge\u00a0\u00bb alignment=\u00a0\u00bbright\u00a0\u00bb][\/vc_column_inner][\/vc_row_inner][vc_empty_space][\/vc_column][\/vc_row][\/vc_section]<\/p>\n<\/section>","protected":false},"excerpt":{"rendered":"<p>[vc_section][vc_row][vc_column][vc_column_text] Plusieurs tours guid\u00e9s offerts selon votre niveau. [\/vc_column_text][vc_column_text]Below Zero vous invite \u00e0 d\u00e9couvrir les merveilles des Laurentides d&rsquo;une mani\u00e8re unique et immersive \u00e0 travers ses tours guid\u00e9s \u00e0 v\u00e9lo. Chaque parcours a \u00e9t\u00e9 soigneusement con\u00e7u pour mettre en avant [&hellip;]<\/p>\n","protected":false},"author":4,"featured_media":30067,"parent":0,"menu_order":0,"comment_status":"closed","ping_status":"closed","template":"","meta":{"_acf_changed":false,"footnotes":""},"class_list":["post-30150","page","type-page","status-publish","has-post-thumbnail","hentry"],"acf":[],"yoast_head":"<!-- This site is optimized with the Yoast SEO plugin v24.4 - https:\/\/yoast.com\/wordpress\/plugins\/seo\/ -->\n<title>Tours guid\u00e9s \u00e0 v\u00e9lo de Mont-Tremblant - \u00c0 partir de 80$ (location incluse)<\/title>\n<meta name=\"description\" content=\"D\u00e9couvrez nos 4 circuits de tours guid\u00e9s \u00e0 v\u00e9lo de Mont-Tremblant. Location de v\u00e9lo \u00e9lectrique, fat bike ou v\u00e9lo de montagne incluse \u00e0 partir de 80$.\" \/>\n<meta name=\"robots\" content=\"index, follow, max-snippet:-1, max-image-preview:large, max-video-preview:-1\" \/>\n<link rel=\"canonical\" href=\"https:\/\/belowzerorental.com\/fr\/tours-guides\/\" \/>\n<meta property=\"og:locale\" content=\"fr_CA\" \/>\n<meta property=\"og:type\" content=\"article\" \/>\n<meta property=\"og:title\" content=\"Activit\u00e9s \u00e0 Mont-Tremblant : tours guid\u00e9s \u00e0 v\u00e9lo | Below Zero\" \/>\n<meta property=\"og:description\" content=\"Partez \u00e0 l&#039;aventure avec nos tours guid\u00e9s \u00e0 v\u00e9lo \u00e0 Mont-Tremblant et d\u00e9couvrez les merveilles des Laurentides!\" \/>\n<meta property=\"og:url\" content=\"https:\/\/belowzerorental.com\/fr\/tours-guides\/\" \/>\n<meta property=\"og:site_name\" content=\"Below Zero Rentals\" \/>\n<meta property=\"article:modified_time\" content=\"2024-07-23T20:15:09+00:00\" \/>\n<meta property=\"og:image\" content=\"https:\/\/belowzerorental.com\/wp-content\/uploads\/2023\/09\/Fatbike-3.jpg\" \/>\n\t<meta property=\"og:image:width\" content=\"900\" \/>\n\t<meta property=\"og:image:height\" content=\"600\" \/>\n\t<meta property=\"og:image:type\" content=\"image\/jpeg\" \/>\n<meta name=\"twitter:card\" content=\"summary_large_image\" \/>\n<meta name=\"twitter:label1\" content=\"Estimation du temps de lecture\" \/>\n\t<meta name=\"twitter:data1\" content=\"2 minutes\" \/>\n<script type=\"application\/ld+json\" class=\"yoast-schema-graph\">{\"@context\":\"https:\/\/schema.org\",\"@graph\":[{\"@type\":\"WebPage\",\"@id\":\"https:\/\/belowzerorental.com\/fr\/tours-guides\/\",\"url\":\"https:\/\/belowzerorental.com\/fr\/tours-guides\/\",\"name\":\"Tours guid\u00e9s \u00e0 v\u00e9lo de Mont-Tremblant - \u00c0 partir de 80$ (location incluse)\",\"isPartOf\":{\"@id\":\"https:\/\/belowzerorental.com\/#website\"},\"primaryImageOfPage\":{\"@id\":\"https:\/\/belowzerorental.com\/fr\/tours-guides\/#primaryimage\"},\"image\":{\"@id\":\"https:\/\/belowzerorental.com\/fr\/tours-guides\/#primaryimage\"},\"thumbnailUrl\":\"https:\/\/belowzerorental.com\/wp-content\/uploads\/2023\/09\/petit-train-du-nord_banniere.png\",\"datePublished\":\"2023-09-18T09:09:06+00:00\",\"dateModified\":\"2024-07-23T20:15:09+00:00\",\"description\":\"D\u00e9couvrez nos 4 circuits de tours guid\u00e9s \u00e0 v\u00e9lo de Mont-Tremblant. Location de v\u00e9lo \u00e9lectrique, fat bike ou v\u00e9lo de montagne incluse \u00e0 partir de 80$.\",\"inLanguage\":\"fr-CA\",\"potentialAction\":[{\"@type\":\"ReadAction\",\"target\":[\"https:\/\/belowzerorental.com\/fr\/tours-guides\/\"]}]},{\"@type\":\"ImageObject\",\"inLanguage\":\"fr-CA\",\"@id\":\"https:\/\/belowzerorental.com\/fr\/tours-guides\/#primaryimage\",\"url\":\"https:\/\/belowzerorental.com\/wp-content\/uploads\/2023\/09\/petit-train-du-nord_banniere.png\",\"contentUrl\":\"https:\/\/belowzerorental.com\/wp-content\/uploads\/2023\/09\/petit-train-du-nord_banniere.png\",\"width\":1200,\"height\":800,\"caption\":\"Tour guid\u00e9 \u00e0 v\u00e9lo \u00e0 Tremblant\"},{\"@type\":\"WebSite\",\"@id\":\"https:\/\/belowzerorental.com\/#website\",\"url\":\"https:\/\/belowzerorental.com\/\",\"name\":\"Below Zero Rentals\",\"description\":\"Mont Tremblant Ski &amp; Snowboard Equipment Rentals\",\"potentialAction\":[{\"@type\":\"SearchAction\",\"target\":{\"@type\":\"EntryPoint\",\"urlTemplate\":\"https:\/\/belowzerorental.com\/?s={search_term_string}\"},\"query-input\":{\"@type\":\"PropertyValueSpecification\",\"valueRequired\":true,\"valueName\":\"search_term_string\"}}],\"inLanguage\":\"fr-CA\"}]}<\/script>\n<!-- \/ Yoast SEO plugin. -->","yoast_head_json":{"title":"Tours guid\u00e9s \u00e0 v\u00e9lo de Mont-Tremblant - \u00c0 partir de 80$ (location incluse)","description":"D\u00e9couvrez nos 4 circuits de tours guid\u00e9s \u00e0 v\u00e9lo de Mont-Tremblant. Location de v\u00e9lo \u00e9lectrique, fat bike ou v\u00e9lo de montagne incluse \u00e0 partir de 80$.","robots":{"index":"index","follow":"follow","max-snippet":"max-snippet:-1","max-image-preview":"max-image-preview:large","max-video-preview":"max-video-preview:-1"},"canonical":"https:\/\/belowzerorental.com\/fr\/tours-guides\/","og_locale":"fr_CA","og_type":"article","og_title":"Activit\u00e9s \u00e0 Mont-Tremblant : tours guid\u00e9s \u00e0 v\u00e9lo | Below Zero","og_description":"Partez \u00e0 l'aventure avec nos tours guid\u00e9s \u00e0 v\u00e9lo \u00e0 Mont-Tremblant et d\u00e9couvrez les merveilles des Laurentides!","og_url":"https:\/\/belowzerorental.com\/fr\/tours-guides\/","og_site_name":"Below Zero Rentals","article_modified_time":"2024-07-23T20:15:09+00:00","og_image":[{"width":900,"height":600,"url":"https:\/\/belowzerorental.com\/wp-content\/uploads\/2023\/09\/Fatbike-3.jpg","type":"image\/jpeg"}],"twitter_card":"summary_large_image","twitter_misc":{"Estimation du temps de lecture":"2 minutes"},"schema":{"@context":"https:\/\/schema.org","@graph":[{"@type":"WebPage","@id":"https:\/\/belowzerorental.com\/fr\/tours-guides\/","url":"https:\/\/belowzerorental.com\/fr\/tours-guides\/","name":"Tours guid\u00e9s \u00e0 v\u00e9lo de Mont-Tremblant - \u00c0 partir de 80$ (location incluse)","isPartOf":{"@id":"https:\/\/belowzerorental.com\/#website"},"primaryImageOfPage":{"@id":"https:\/\/belowzerorental.com\/fr\/tours-guides\/#primaryimage"},"image":{"@id":"https:\/\/belowzerorental.com\/fr\/tours-guides\/#primaryimage"},"thumbnailUrl":"https:\/\/belowzerorental.com\/wp-content\/uploads\/2023\/09\/petit-train-du-nord_banniere.png","datePublished":"2023-09-18T09:09:06+00:00","dateModified":"2024-07-23T20:15:09+00:00","description":"D\u00e9couvrez nos 4 circuits de tours guid\u00e9s \u00e0 v\u00e9lo de Mont-Tremblant. Location de v\u00e9lo \u00e9lectrique, fat bike ou v\u00e9lo de montagne incluse \u00e0 partir de 80$.","inLanguage":"fr-CA","potentialAction":[{"@type":"ReadAction","target":["https:\/\/belowzerorental.com\/fr\/tours-guides\/"]}]},{"@type":"ImageObject","inLanguage":"fr-CA","@id":"https:\/\/belowzerorental.com\/fr\/tours-guides\/#primaryimage","url":"https:\/\/belowzerorental.com\/wp-content\/uploads\/2023\/09\/petit-train-du-nord_banniere.png","contentUrl":"https:\/\/belowzerorental.com\/wp-content\/uploads\/2023\/09\/petit-train-du-nord_banniere.png","width":1200,"height":800,"caption":"Tour guid\u00e9 \u00e0 v\u00e9lo \u00e0 Tremblant"},{"@type":"WebSite","@id":"https:\/\/belowzerorental.com\/#website","url":"https:\/\/belowzerorental.com\/","name":"Below Zero Rentals","description":"Mont Tremblant Ski &amp; Snowboard Equipment Rentals","potentialAction":[{"@type":"SearchAction","target":{"@type":"EntryPoint","urlTemplate":"https:\/\/belowzerorental.com\/?s={search_term_string}"},"query-input":{"@type":"PropertyValueSpecification","valueRequired":true,"valueName":"search_term_string"}}],"inLanguage":"fr-CA"}]}},"_links":{"self":[{"href":"https:\/\/belowzerorental.com\/fr\/wp-json\/wp\/v2\/pages\/30150","targetHints":{"allow":["GET"]}}],"collection":[{"href":"https:\/\/belowzerorental.com\/fr\/wp-json\/wp\/v2\/pages"}],"about":[{"href":"https:\/\/belowzerorental.com\/fr\/wp-json\/wp\/v2\/types\/page"}],"author":[{"embeddable":true,"href":"https:\/\/belowzerorental.com\/fr\/wp-json\/wp\/v2\/users\/4"}],"replies":[{"embeddable":true,"href":"https:\/\/belowzerorental.com\/fr\/wp-json\/wp\/v2\/comments?post=30150"}],"version-history":[{"count":12,"href":"https:\/\/belowzerorental.com\/fr\/wp-json\/wp\/v2\/pages\/30150\/revisions"}],"predecessor-version":[{"id":30654,"href":"https:\/\/belowzerorental.com\/fr\/wp-json\/wp\/v2\/pages\/30150\/revisions\/30654"}],"wp:featuredmedia":[{"embeddable":true,"href":"https:\/\/belowzerorental.com\/fr\/wp-json\/wp\/v2\/media\/30067"}],"wp:attachment":[{"href":"https:\/\/belowzerorental.com\/fr\/wp-json\/wp\/v2\/media?parent=30150"}],"curies":[{"name":"wp","href":"https:\/\/api.w.org\/{rel}","templated":true}]}}