{"id":30390,"date":"2023-12-08T14:09:23","date_gmt":"2023-12-08T19:09:23","guid":{"rendered":"https:\/\/belowzerorental.com\/assurance\/"},"modified":"2023-12-08T14:09:23","modified_gmt":"2023-12-08T19:09:23","slug":"assurance","status":"publish","type":"page","link":"https:\/\/belowzerorental.com\/fr\/assurance\/","title":{"rendered":"Assurance"},"content":{"rendered":"<h2>Assurance compl\u00e8te pour la protection de vos \u00e9quipements<\/h2>\n<p>Nous comprenons l&rsquo;importance de la tranquillit\u00e9 d&rsquo;esprit lorsque vous louez du mat\u00e9riel. C&rsquo;est pourquoi notre contrat d\u2019assurance inclut une couverture compl\u00e8te contre les dommages accidentels \u00e0 vos \u00e9quipements. Cette protection englobe les entailles, \u00e9br\u00e9chures, ou bris qui pourraient survenir au cours de la p\u00e9riode de location.<\/p>\n<h3>Couverture compl\u00e8te:<\/h3>\n<ul>\n<li>Entailles, \u00e9br\u00e9chures, et bris accidentels sont pris en charge.<\/li>\n<li>Des solutions rapides et efficaces pour minimiser les interruptions li\u00e9es aux dommages.<\/li>\n<li>Pas de co\u00fbts cach\u00e9s ni de tracas inutiles.<\/li>\n<\/ul>\n<h3>Exclusions:<\/h3>\n<ul>\n<li>La protection exclut les dommages r\u00e9sultant d&rsquo;un usage abusif et de la n\u00e9gligence.<\/li>\n<li>Les co\u00fbts li\u00e9s \u00e0 la disparition ou au vol ne sont pas couverts.<\/li>\n<\/ul>\n<p><strong>Franchise en cas de bris par n\u00e9gligence:<\/strong> En cas de bris caus\u00e9 par n\u00e9gligence, une franchise de seulement 350&nbsp;$ sera exig\u00e9e, en plus des redevances et taxes applicables. Cette franchise a \u00e9t\u00e9 con\u00e7ue pour \u00eatre \u00e9quitable, offrant une solution abordable pour les incidents impr\u00e9vus tout en encourageant une utilisation responsable.<\/p>\n<p>Notre objectif est de vous fournir une assurance qui va au-del\u00e0 de la simple protection mat\u00e9rielle, vous offrant la confiance n\u00e9cessaire pour tirer le meilleur parti de votre exp\u00e9rience de location.<\/p>\n<p>Profitez de votre location en toute s\u00e9r\u00e9nit\u00e9 avec notre assurance compl\u00e8te pour le bris d&rsquo;\u00e9quipement. Parce que nous sommes l\u00e0 pour vous, m\u00eame dans les situations les plus impr\u00e9vues.<\/p>\n","protected":false},"excerpt":{"rendered":"<p>Assurance compl\u00e8te pour la protection de vos \u00e9quipements Nous comprenons l&rsquo;importance de la tranquillit\u00e9 d&rsquo;esprit lorsque vous louez du mat\u00e9riel. C&rsquo;est pourquoi notre contrat d\u2019assurance inclut une couverture compl\u00e8te contre les dommages accidentels \u00e0 vos \u00e9quipements. Cette protection englobe les [&hellip;]<\/p>\n","protected":false},"author":4,"featured_media":0,"parent":0,"menu_order":0,"comment_status":"closed","ping_status":"closed","template":"","meta":{"_acf_changed":false,"footnotes":""},"class_list":["post-30390","page","type-page","status-publish","hentry"],"acf":[],"yoast_head":"<!-- This site is optimized with the Yoast SEO plugin v24.4 - https:\/\/yoast.com\/wordpress\/plugins\/seo\/ -->\n<title>Assurance - Below Zero Rentals<\/title>\n<meta name=\"robots\" content=\"index, follow, max-snippet:-1, max-image-preview:large, max-video-preview:-1\" \/>\n<link rel=\"canonical\" href=\"https:\/\/belowzerorental.com\/assurance\/\" \/>\n<meta property=\"og:locale\" content=\"fr_CA\" \/>\n<meta property=\"og:type\" content=\"article\" \/>\n<meta property=\"og:title\" content=\"Assurance - Below Zero Rentals\" \/>\n<meta property=\"og:description\" content=\"Assurance compl\u00e8te pour la protection de vos \u00e9quipements Nous comprenons l&rsquo;importance de la tranquillit\u00e9 d&rsquo;esprit lorsque vous louez du mat\u00e9riel. C&rsquo;est pourquoi notre contrat d\u2019assurance inclut une couverture compl\u00e8te contre les dommages accidentels \u00e0 vos \u00e9quipements. Cette protection englobe les [&hellip;]\" \/>\n<meta property=\"og:url\" content=\"https:\/\/belowzerorental.com\/assurance\/\" \/>\n<meta property=\"og:site_name\" content=\"Below Zero Rentals\" \/>\n<meta name=\"twitter:card\" content=\"summary_large_image\" \/>\n<meta name=\"twitter:label1\" content=\"Estimation du temps de lecture\" \/>\n\t<meta name=\"twitter:data1\" content=\"1 minute\" \/>\n<script type=\"application\/ld+json\" class=\"yoast-schema-graph\">{\"@context\":\"https:\/\/schema.org\",\"@graph\":[{\"@type\":\"WebPage\",\"@id\":\"https:\/\/belowzerorental.com\/assurance\/\",\"url\":\"https:\/\/belowzerorental.com\/assurance\/\",\"name\":\"Assurance - Below Zero Rentals\",\"isPartOf\":{\"@id\":\"https:\/\/belowzerorental.com\/#website\"},\"datePublished\":\"2023-12-08T19:09:23+00:00\",\"inLanguage\":\"fr-CA\",\"potentialAction\":[{\"@type\":\"ReadAction\",\"target\":[\"https:\/\/belowzerorental.com\/assurance\/\"]}]},{\"@type\":\"WebSite\",\"@id\":\"https:\/\/belowzerorental.com\/#website\",\"url\":\"https:\/\/belowzerorental.com\/\",\"name\":\"Below Zero Rentals\",\"description\":\"Mont Tremblant Ski &amp; Snowboard Equipment Rentals\",\"potentialAction\":[{\"@type\":\"SearchAction\",\"target\":{\"@type\":\"EntryPoint\",\"urlTemplate\":\"https:\/\/belowzerorental.com\/?s={search_term_string}\"},\"query-input\":{\"@type\":\"PropertyValueSpecification\",\"valueRequired\":true,\"valueName\":\"search_term_string\"}}],\"inLanguage\":\"fr-CA\"}]}<\/script>\n<!-- \/ Yoast SEO plugin. -->","yoast_head_json":{"title":"Assurance - Below Zero Rentals","robots":{"index":"index","follow":"follow","max-snippet":"max-snippet:-1","max-image-preview":"max-image-preview:large","max-video-preview":"max-video-preview:-1"},"canonical":"https:\/\/belowzerorental.com\/assurance\/","og_locale":"fr_CA","og_type":"article","og_title":"Assurance - Below Zero Rentals","og_description":"Assurance compl\u00e8te pour la protection de vos \u00e9quipements Nous comprenons l&rsquo;importance de la tranquillit\u00e9 d&rsquo;esprit lorsque vous louez du mat\u00e9riel. C&rsquo;est pourquoi notre contrat d\u2019assurance inclut une couverture compl\u00e8te contre les dommages accidentels \u00e0 vos \u00e9quipements. Cette protection englobe les [&hellip;]","og_url":"https:\/\/belowzerorental.com\/assurance\/","og_site_name":"Below Zero Rentals","twitter_card":"summary_large_image","twitter_misc":{"Estimation du temps de lecture":"1 minute"},"schema":{"@context":"https:\/\/schema.org","@graph":[{"@type":"WebPage","@id":"https:\/\/belowzerorental.com\/assurance\/","url":"https:\/\/belowzerorental.com\/assurance\/","name":"Assurance - Below Zero Rentals","isPartOf":{"@id":"https:\/\/belowzerorental.com\/#website"},"datePublished":"2023-12-08T19:09:23+00:00","inLanguage":"fr-CA","potentialAction":[{"@type":"ReadAction","target":["https:\/\/belowzerorental.com\/assurance\/"]}]},{"@type":"WebSite","@id":"https:\/\/belowzerorental.com\/#website","url":"https:\/\/belowzerorental.com\/","name":"Below Zero Rentals","description":"Mont Tremblant Ski &amp; Snowboard Equipment Rentals","potentialAction":[{"@type":"SearchAction","target":{"@type":"EntryPoint","urlTemplate":"https:\/\/belowzerorental.com\/?s={search_term_string}"},"query-input":{"@type":"PropertyValueSpecification","valueRequired":true,"valueName":"search_term_string"}}],"inLanguage":"fr-CA"}]}},"_links":{"self":[{"href":"https:\/\/belowzerorental.com\/fr\/wp-json\/wp\/v2\/pages\/30390","targetHints":{"allow":["GET"]}}],"collection":[{"href":"https:\/\/belowzerorental.com\/fr\/wp-json\/wp\/v2\/pages"}],"about":[{"href":"https:\/\/belowzerorental.com\/fr\/wp-json\/wp\/v2\/types\/page"}],"author":[{"embeddable":true,"href":"https:\/\/belowzerorental.com\/fr\/wp-json\/wp\/v2\/users\/4"}],"replies":[{"embeddable":true,"href":"https:\/\/belowzerorental.com\/fr\/wp-json\/wp\/v2\/comments?post=30390"}],"version-history":[{"count":0,"href":"https:\/\/belowzerorental.com\/fr\/wp-json\/wp\/v2\/pages\/30390\/revisions"}],"wp:attachment":[{"href":"https:\/\/belowzerorental.com\/fr\/wp-json\/wp\/v2\/media?parent=30390"}],"curies":[{"name":"wp","href":"https:\/\/api.w.org\/{rel}","templated":true}]}}