{"id":30502,"date":"2024-04-29T04:10:12","date_gmt":"2024-04-29T08:10:12","guid":{"rendered":"https:\/\/belowzerorental.com\/?page_id=30502"},"modified":"2024-05-30T16:04:49","modified_gmt":"2024-05-30T20:04:49","slug":"sentier-des-cimes","status":"publish","type":"page","link":"https:\/\/belowzerorental.com\/fr\/sentier-des-cimes\/","title":{"rendered":"D\u00e9couvrez l&rsquo;Exp\u00e9rience Unique de Below Zero Rental et du Sentier des Cimes"},"content":{"rendered":"<section class=\"wpb-content-wrapper\"><p>[vc_row el_class=\u00a0\u00bbpadding-slider padding-rangee-bas\u00a0\u00bb simple_background_color=\u00a0\u00bb#ffffff\u00a0\u00bb][vc_column][vc_row_inner css=\u00a0\u00bb.vc_custom_1714381395422{padding-bottom: 90px !important;}\u00a0\u00bb][vc_column_inner][vc_column_text]<\/p>\n<p style=\"text-align: center;\">Plongez au c\u0153ur des splendeurs naturelles des Laurentides avec notre partenariat prometteur entre Ski Lab et le Sentier des Cimes. Une aventure inoubliable vous attend, m\u00ealant sport, nature et d\u00e9couverte panoramique.<\/p>\n<p>[\/vc_column_text][\/vc_column_inner][\/vc_row_inner][vc_row_inner][vc_column_inner width=\u00a0\u00bb1\/2&Prime;][vc_column_text]<\/p>\n<div class=\"details preparatif split\">\n<h3>Choses \u00e0 savoir<\/h3>\n<\/div>\n<ul class=\"listDiff\">\n<li>L\u2019activit\u00e9 est d\u2019une dur\u00e9e de 4 heures +- 2 heures de v\u00e9los<\/li>\n<li>Stationnement pour v\u00e9lo et cadenas inclus.<\/li>\n<li>Restaurant ouvert de 10h \u00e0 15h tous les jours<\/li>\n<li>Boutique souvenir sur place<\/li>\n<\/ul>\n<p>[\/vc_column_text][\/vc_column_inner][vc_column_inner width=\u00a0\u00bb1\/2&Prime;]<div class=\"eltdf-single-image-holder    \">\n    <div class=\"eltdf-si-inner\" >\n                                    <img loading=\"lazy\" decoding=\"async\" width=\"700\" height=\"500\" src=\"https:\/\/belowzerorental.com\/wp-content\/uploads\/2024\/05\/sentier1.jpg\" class=\"attachment-full size-full\" alt=\"\" srcset=\"https:\/\/belowzerorental.com\/wp-content\/uploads\/2024\/05\/sentier1.jpg 700w, https:\/\/belowzerorental.com\/wp-content\/uploads\/2024\/05\/sentier1-300x214.jpg 300w\" sizes=\"auto, (max-width: 700px) 100vw, 700px\" \/>                        <\/div>\n<\/div>[\/vc_column_inner][\/vc_row_inner][\/vc_column][\/vc_row][vc_section el_class=\u00a0\u00bbpreparatif\u00a0\u00bb css=\u00a0\u00bb.vc_custom_1714380235678{padding-bottom: 70px !important;}\u00a0\u00bb][vc_row][vc_column width=\u00a0\u00bb1\/2&Prime;]<div class=\"eltdf-single-image-holder    \">\n    <div class=\"eltdf-si-inner\" >\n                                    <img loading=\"lazy\" decoding=\"async\" width=\"755\" height=\"489\" src=\"https:\/\/belowzerorental.com\/wp-content\/uploads\/2024\/04\/carte-sentier.jpg\" class=\"attachment-full size-full\" alt=\"\" srcset=\"https:\/\/belowzerorental.com\/wp-content\/uploads\/2024\/04\/carte-sentier.jpg 755w, https:\/\/belowzerorental.com\/wp-content\/uploads\/2024\/04\/carte-sentier-300x194.jpg 300w\" sizes=\"auto, (max-width: 755px) 100vw, 755px\" \/>                        <\/div>\n<\/div>[\/vc_column][vc_column width=\u00a0\u00bb1\/2&Prime;][vc_column_text]<\/p>\n<div class=\"details split\">\n<h3>Faits saillants<\/h3>\n<\/div>\n<p>[\/vc_column_text][vc_column_text css=\u00a0\u00bb.vc_custom_1714381883424{padding-bottom: 30px !important;}\u00a0\u00bb]<\/p>\n<ol>\n<li>Longueur totale: 1\u202f350\u202fm\u00e8tres<\/li>\n<li>Hauteur de la tour: 40\u202fm\u00e8tres<\/li>\n<li>Hauteur de la passerelle: jusqu\u2019\u00e0 18\u202fm\u00e8tres<\/li>\n<li>Pente maximale: 6\u202f%<\/li>\n<\/ol>\n<p>[\/vc_column_text][\/vc_column][\/vc_row][\/vc_section][vc_section full_width=\u00a0\u00bbstretch_row\u00a0\u00bb el_class=\u00a0\u00bbtarifSection\u00a0\u00bb][vc_row][vc_column][vc_column_text]<\/p>\n<h3 style=\"text-align: center;\">R\u00e9server<\/h3>\n<p style=\"text-align: center;\">Rejoignez-nous pour cette escapade unique o\u00f9 le plaisir, l&rsquo;aventure et la nature se rejoignent pour cr\u00e9er des souvenirs m\u00e9morables.<\/p>\n<p>[\/vc_column_text][vc_empty_space][vc_separator][vc_empty_space][vc_row_inner][vc_column_inner width=\u00a0\u00bb1\/2&Prime;][vc_column_text]<\/p>\n<h6 style=\"margin-top: 0;\">Combinez votre sortie \u00e0 v\u00e9lo avec l\u2019aventure du Sentier des Cimes.<\/h6>\n<p>En combinant ces activit\u00e9s, vous b\u00e9n\u00e9ficiez d\u2019une <strong>r\u00e9duction de 10 %<\/strong> sur la location de v\u00e9lo et votre billet d\u2019entr\u00e9e au Sentier des Cimes.[\/vc_column_text][\/vc_column_inner][vc_column_inner width=\u00a0\u00bb1\/2&Prime;][vc_column_text]<\/p>\n<table style=\"max-width: 450px;\">\n<tbody>\n<tr>\n<th colspan=\"2\">Prix<\/th>\n<\/tr>\n<tr>\n<td style=\"text-align: left;\">Adulte<\/td>\n<td style=\"text-align: right;\">31 $<\/td>\n<\/tr>\n<tr>\n<td style=\"text-align: left;\">Enfants (6 \u00e0 17)<\/td>\n<td style=\"text-align: right;\">21 $<\/td>\n<\/tr>\n<tr>\n<td style=\"text-align: left;\">Enfants (5 et moins)<\/td>\n<td style=\"text-align: right;\">Gratuit<\/td>\n<\/tr>\n<\/tbody>\n<\/table>\n<p>[\/vc_column_text][\/vc_column_inner][\/vc_row_inner][vc_empty_space][vc_separator][vc_btn title=\u00a0\u00bbContactez nous pour plus d&rsquo;information\u00a0\u00bb style=\u00a0\u00bbflat\u00a0\u00bb shape=\u00a0\u00bbround\u00a0\u00bb color=\u00a0\u00bbwarning\u00a0\u00bb align=\u00a0\u00bbcenter\u00a0\u00bb el_class=\u00a0\u00bbbouton-orange\u00a0\u00bb link=\u00a0\u00bburl:https%3A%2F%2Fbelowzerorental.com%2Ffr%2Fcontact-location-tremblant%2F|title:Contact\u00a0\u00bb css=\u00a0\u00bb.vc_custom_1714380914612{margin-top: 40px !important;}\u00a0\u00bb][\/vc_column][\/vc_row][\/vc_section][vc_row css=\u00a0\u00bb.vc_custom_1714381702548{padding-top: 90px !important;padding-bottom: 90px !important;}\u00a0\u00bb el_class=\u00a0\u00bbderoulement\u00a0\u00bb][vc_column][vc_column_text]<\/p>\n<h3>D\u00e9roulement de l\u2019activit\u00e9<\/h3>\n<p>Votre aventure d\u00e9bute au Ski Lab Tremblant, o\u00f9 vous serez \u00e9quip\u00e9 et pr\u00eat \u00e0 partir pour une journ\u00e9e d&rsquo;exploration. Prenez place sur l&rsquo;un de nos v\u00e9los, \u00e9lectrique ou non, et pr\u00e9parez-vous \u00e0 parcourir les magnifiques paysages du Petit Train du Nord. Avec 17 km de piste \u00e0 travers les montagnes et les for\u00eats, chaque coup de p\u00e9dale est une occasion de se rapprocher de la nature environnante.<\/p>\n<p>Votre destination ultime ? Le point culminant du Sentier des Cimes Laurentides, o\u00f9 une tour panoramique s&rsquo;\u00e9l\u00e8ve \u00e0 40 m\u00e8tres au-dessus du sol. L\u00e0-haut, une vue \u00e0 couper le souffle vous attend, offrant des panoramas \u00e9poustouflants des montagnes des Laurentides et des points de rep\u00e8re embl\u00e9matiques tels que le Mont-Tremblant. Que ce soit au printemps, en \u00e9t\u00e9, en automne ou en hiver, chaque saison apporte son lot de couleurs uniques et d&rsquo;horizons infinis. Impr\u00e9gnez-vous de l&rsquo;air pur et cr\u00e9ez des souvenirs inoubliables alors que vous vous \u00e9levez au-dessus du monde.<\/p>\n<p>Apr\u00e8s cette exp\u00e9rience en altitude, votre aventure continue. Retrouvez le chemin du retour en profitant encore une fois des paysages enivrants qui vous entourent.[\/vc_column_text][vc_gallery type=\u00a0\u00bbimage_grid\u00a0\u00bb images=\u00a0\u00bb30536,30534&Prime; img_size=\u00a0\u00bb250&#215;200&Prime; css=\u00a0\u00bb.vc_custom_1715855967527{padding-top: 60px !important;}\u00a0\u00bb][\/vc_column][\/vc_row]<\/p>\n<\/section>","protected":false},"excerpt":{"rendered":"<p>[vc_row el_class=\u00a0\u00bbpadding-slider padding-rangee-bas\u00a0\u00bb simple_background_color=\u00a0\u00bb#ffffff\u00a0\u00bb][vc_column][vc_row_inner css=\u00a0\u00bb.vc_custom_1714381395422{padding-bottom: 90px !important;}\u00a0\u00bb][vc_column_inner][vc_column_text] Plongez au c\u0153ur des splendeurs naturelles des Laurentides avec notre partenariat prometteur entre Ski Lab et le Sentier des Cimes. Une aventure inoubliable vous attend, m\u00ealant sport, nature et d\u00e9couverte panoramique. [\/vc_column_text][\/vc_column_inner][\/vc_row_inner][vc_row_inner][vc_column_inner width=\u00a0\u00bb1\/2&Prime;][vc_column_text] [&hellip;]<\/p>\n","protected":false},"author":4,"featured_media":0,"parent":0,"menu_order":0,"comment_status":"closed","ping_status":"closed","template":"","meta":{"_acf_changed":false,"footnotes":""},"class_list":["post-30502","page","type-page","status-publish","hentry"],"acf":[],"yoast_head":"<!-- This site is optimized with the Yoast SEO plugin v24.4 - https:\/\/yoast.com\/wordpress\/plugins\/seo\/ -->\n<title>D\u00e9couvrez l&#039;Exp\u00e9rience Unique de Below Zero Rental et du Sentier des Cimes - Below Zero Rentals<\/title>\n<meta name=\"robots\" content=\"index, follow, max-snippet:-1, max-image-preview:large, max-video-preview:-1\" \/>\n<link rel=\"canonical\" href=\"https:\/\/belowzerorental.com\/fr\/sentier-des-cimes\/\" \/>\n<meta property=\"og:locale\" content=\"fr_CA\" \/>\n<meta property=\"og:type\" content=\"article\" \/>\n<meta property=\"og:title\" content=\"D\u00e9couvrez l&#039;Exp\u00e9rience Unique de Below Zero Rental et du Sentier des Cimes - Below Zero Rentals\" \/>\n<meta property=\"og:description\" content=\"[vc_row el_class=\u00a0\u00bbpadding-slider padding-rangee-bas\u00a0\u00bb simple_background_color=\u00a0\u00bb#ffffff\u00a0\u00bb][vc_column][vc_row_inner css=\u00a0\u00bb.vc_custom_1714381395422{padding-bottom: 90px !important;}\u00a0\u00bb][vc_column_inner][vc_column_text] Plongez au c\u0153ur des splendeurs naturelles des Laurentides avec notre partenariat prometteur entre Ski Lab et le Sentier des Cimes. Une aventure inoubliable vous attend, m\u00ealant sport, nature et d\u00e9couverte panoramique. [\/vc_column_text][\/vc_column_inner][\/vc_row_inner][vc_row_inner][vc_column_inner width=\u00a0\u00bb1\/2&Prime;][vc_column_text] [&hellip;]\" \/>\n<meta property=\"og:url\" content=\"https:\/\/belowzerorental.com\/fr\/sentier-des-cimes\/\" \/>\n<meta property=\"og:site_name\" content=\"Below Zero Rentals\" \/>\n<meta property=\"article:modified_time\" content=\"2024-05-30T20:04:49+00:00\" \/>\n<meta name=\"twitter:card\" content=\"summary_large_image\" \/>\n<meta name=\"twitter:label1\" content=\"Estimation du temps de lecture\" \/>\n\t<meta name=\"twitter:data1\" content=\"3 minutes\" \/>\n<script type=\"application\/ld+json\" class=\"yoast-schema-graph\">{\"@context\":\"https:\/\/schema.org\",\"@graph\":[{\"@type\":\"WebPage\",\"@id\":\"https:\/\/belowzerorental.com\/fr\/sentier-des-cimes\/\",\"url\":\"https:\/\/belowzerorental.com\/fr\/sentier-des-cimes\/\",\"name\":\"D\u00e9couvrez l'Exp\u00e9rience Unique de Below Zero Rental et du Sentier des Cimes - Below Zero Rentals\",\"isPartOf\":{\"@id\":\"https:\/\/belowzerorental.com\/#website\"},\"datePublished\":\"2024-04-29T08:10:12+00:00\",\"dateModified\":\"2024-05-30T20:04:49+00:00\",\"inLanguage\":\"fr-CA\",\"potentialAction\":[{\"@type\":\"ReadAction\",\"target\":[\"https:\/\/belowzerorental.com\/fr\/sentier-des-cimes\/\"]}]},{\"@type\":\"WebSite\",\"@id\":\"https:\/\/belowzerorental.com\/#website\",\"url\":\"https:\/\/belowzerorental.com\/\",\"name\":\"Below Zero Rentals\",\"description\":\"Mont Tremblant Ski &amp; Snowboard Equipment Rentals\",\"potentialAction\":[{\"@type\":\"SearchAction\",\"target\":{\"@type\":\"EntryPoint\",\"urlTemplate\":\"https:\/\/belowzerorental.com\/?s={search_term_string}\"},\"query-input\":{\"@type\":\"PropertyValueSpecification\",\"valueRequired\":true,\"valueName\":\"search_term_string\"}}],\"inLanguage\":\"fr-CA\"}]}<\/script>\n<!-- \/ Yoast SEO plugin. -->","yoast_head_json":{"title":"D\u00e9couvrez l'Exp\u00e9rience Unique de Below Zero Rental et du Sentier des Cimes - Below Zero Rentals","robots":{"index":"index","follow":"follow","max-snippet":"max-snippet:-1","max-image-preview":"max-image-preview:large","max-video-preview":"max-video-preview:-1"},"canonical":"https:\/\/belowzerorental.com\/fr\/sentier-des-cimes\/","og_locale":"fr_CA","og_type":"article","og_title":"D\u00e9couvrez l'Exp\u00e9rience Unique de Below Zero Rental et du Sentier des Cimes - Below Zero Rentals","og_description":"[vc_row el_class=\u00a0\u00bbpadding-slider padding-rangee-bas\u00a0\u00bb simple_background_color=\u00a0\u00bb#ffffff\u00a0\u00bb][vc_column][vc_row_inner css=\u00a0\u00bb.vc_custom_1714381395422{padding-bottom: 90px !important;}\u00a0\u00bb][vc_column_inner][vc_column_text] Plongez au c\u0153ur des splendeurs naturelles des Laurentides avec notre partenariat prometteur entre Ski Lab et le Sentier des Cimes. Une aventure inoubliable vous attend, m\u00ealant sport, nature et d\u00e9couverte panoramique. [\/vc_column_text][\/vc_column_inner][\/vc_row_inner][vc_row_inner][vc_column_inner width=\u00a0\u00bb1\/2&Prime;][vc_column_text] [&hellip;]","og_url":"https:\/\/belowzerorental.com\/fr\/sentier-des-cimes\/","og_site_name":"Below Zero Rentals","article_modified_time":"2024-05-30T20:04:49+00:00","twitter_card":"summary_large_image","twitter_misc":{"Estimation du temps de lecture":"3 minutes"},"schema":{"@context":"https:\/\/schema.org","@graph":[{"@type":"WebPage","@id":"https:\/\/belowzerorental.com\/fr\/sentier-des-cimes\/","url":"https:\/\/belowzerorental.com\/fr\/sentier-des-cimes\/","name":"D\u00e9couvrez l'Exp\u00e9rience Unique de Below Zero Rental et du Sentier des Cimes - Below Zero Rentals","isPartOf":{"@id":"https:\/\/belowzerorental.com\/#website"},"datePublished":"2024-04-29T08:10:12+00:00","dateModified":"2024-05-30T20:04:49+00:00","inLanguage":"fr-CA","potentialAction":[{"@type":"ReadAction","target":["https:\/\/belowzerorental.com\/fr\/sentier-des-cimes\/"]}]},{"@type":"WebSite","@id":"https:\/\/belowzerorental.com\/#website","url":"https:\/\/belowzerorental.com\/","name":"Below Zero Rentals","description":"Mont Tremblant Ski &amp; Snowboard Equipment Rentals","potentialAction":[{"@type":"SearchAction","target":{"@type":"EntryPoint","urlTemplate":"https:\/\/belowzerorental.com\/?s={search_term_string}"},"query-input":{"@type":"PropertyValueSpecification","valueRequired":true,"valueName":"search_term_string"}}],"inLanguage":"fr-CA"}]}},"_links":{"self":[{"href":"https:\/\/belowzerorental.com\/fr\/wp-json\/wp\/v2\/pages\/30502","targetHints":{"allow":["GET"]}}],"collection":[{"href":"https:\/\/belowzerorental.com\/fr\/wp-json\/wp\/v2\/pages"}],"about":[{"href":"https:\/\/belowzerorental.com\/fr\/wp-json\/wp\/v2\/types\/page"}],"author":[{"embeddable":true,"href":"https:\/\/belowzerorental.com\/fr\/wp-json\/wp\/v2\/users\/4"}],"replies":[{"embeddable":true,"href":"https:\/\/belowzerorental.com\/fr\/wp-json\/wp\/v2\/comments?post=30502"}],"version-history":[{"count":25,"href":"https:\/\/belowzerorental.com\/fr\/wp-json\/wp\/v2\/pages\/30502\/revisions"}],"predecessor-version":[{"id":30638,"href":"https:\/\/belowzerorental.com\/fr\/wp-json\/wp\/v2\/pages\/30502\/revisions\/30638"}],"wp:attachment":[{"href":"https:\/\/belowzerorental.com\/fr\/wp-json\/wp\/v2\/media?parent=30502"}],"curies":[{"name":"wp","href":"https:\/\/api.w.org\/{rel}","templated":true}]}}